{"id":392,"date":"2018-03-28T07:33:23","date_gmt":"2018-03-28T07:33:23","guid":{"rendered":"http:\/\/www.botiasgarcia.com\/abogados\/?page_id=392"},"modified":"2024-05-02T18:20:14","modified_gmt":"2024-05-02T18:20:14","slug":"servicios","status":"publish","type":"page","link":"https:\/\/www.botiasgarcia.com\/abogados\/pages\/servicios\/","title":{"rendered":"servicios"},"content":{"rendered":"<div class=\"wpb-content-wrapper\"><p>[vc_row css_animation=&#8221;none&#8221; css=&#8221;.vc_custom_1534460152686{margin-top: 80px !important;padding-top: 25px !important;padding-bottom: 25px !important;}&#8221;][vc_column][vc_custom_heading text=&#8221;SERVICIOS&#8221; font_container=&#8221;tag:h6|text_align:center|color:%231f2f62&#8243; use_theme_fonts=&#8221;yes&#8221; css_animation=&#8221;fadeInUp&#8221; uppercase=&#8221;on&#8221; css=&#8221;.vc_custom_1534368953603{margin-bottom: 10px !important;}&#8221;][vc_custom_heading text=&#8221;Trabajo&#8221; font_container=&#8221;tag:h1|text_align:center&#8221; use_theme_fonts=&#8221;yes&#8221; css_animation=&#8221;none&#8221; css=&#8221;.vc_custom_1714673884455{margin-top: 10px !important;margin-bottom: 35px !important;}&#8221; link=&#8221;url:http%3A%2F%2Fwww.botiasgarcia.com%2Fabogados%2Fpages%2Fservicios%2Ftrabajo%2F|||&#8221;]<div class=\"step-items type2 steps-69ebdd9c656ff \"><div class=\"item\"><div class=\"num \"><\/div><h4 class=\"h \">CONFLICTOS LABORALES<\/h4><div class=\"text \">Despido<br \/>\nExtinci\u00f3n Contratos Temporales<br \/>\nFiniquitos<br \/>\nAccidentes de Trabajo y Recargos de la Seguridad Social<br \/>\nExpedientes de Regulaci\u00f3n de Empleo<br \/>\nModificaci\u00f3n Sustancial de las Condiciones De Trabajo<br \/>\nImpugnaci\u00f3n de Sanciones<br \/>\nFalsos Aut\u00f3nomos<br \/>\nAcoso en el Trabajo<br \/>\nIncapacidad Permanente<br \/>\nJubilaci\u00f3n<br \/>\nReclamaci\u00f3n Altas Y Bajas M\u00e9dicas<\/div><\/div><div class=\"item\"><div class=\"num \"><\/div><h4 class=\"h \">RECLAMACIONES Y DEFENSA<\/h4><div class=\"text \">Ante el CMAC<br \/>\nAnte los Juzgados y Tribunales de la Jurisdicci\u00f3n Social<br \/>\nAnte la Inspecci\u00f3n de trabajo y Seguridad Social<\/div><\/div><\/div>[vc_custom_heading text=&#8221;Vivienda&#8221; font_container=&#8221;tag:h1|text_align:center&#8221; use_theme_fonts=&#8221;yes&#8221; css_animation=&#8221;none&#8221; css=&#8221;.vc_custom_1714673925402{margin-top: 10px !important;margin-bottom: 35px !important;}&#8221; link=&#8221;url:http%3A%2F%2Fwww.botiasgarcia.com%2Fabogados%2Fpages%2Fservicios%2Fvivienda%2F|||&#8221;]<div class=\"step-items type2 steps-69ebdd9c658b7 \"><div class=\"item\"><div class=\"num \"><\/div><h4 class=\"h \">CONTRATOS<\/h4><div class=\"text \">Arras<br \/>\nCompraventa<br \/>\nPermutas<br \/>\nPr\u00e9stamos<br \/>\nArrendamientos inmuebles y locales de negocio<\/div><\/div><div class=\"item\"><div class=\"num \"><\/div><h4 class=\"h \">ASESORAMIENTO Y GESTI\u00d3N<\/h4><div class=\"text \">Compraventa y alquiler de Inmuebles<br \/>\nCancelaci\u00f3n de cargas en el Registro<br \/>\nInmatriculaciones<br \/>\nRegistro de la Propiedad<br \/>\nAsistencia en Notarias<\/div><\/div><div class=\"item\"><div class=\"num \"><\/div><h4 class=\"h \">RECLAMACIONES Y DEFENSA<\/h4><div class=\"text \">Desahucios<br \/>\nReclamaci\u00f3n de rentas impagadas<br \/>\nEjecuciones hipotecarias<br \/>\nDivisi\u00f3n de la cosa com\u00fan<br \/>\nAutorizaci\u00f3n judicial para la venta de inmuebles<\/div><\/div><\/div>[vc_custom_heading text=&#8221;Familia&#8221; font_container=&#8221;tag:h1|text_align:center&#8221; use_theme_fonts=&#8221;yes&#8221; css_animation=&#8221;none&#8221; css=&#8221;.vc_custom_1714673993169{margin-top: 10px !important;margin-bottom: 35px !important;}&#8221; link=&#8221;url:http%3A%2F%2Fwww.botiasgarcia.com%2Fabogados%2Fpages%2Fservicios%2Ffamilia%2F|||&#8221;]<div class=\"step-items type2 steps-69ebdd9c659c1 \"><div class=\"item\"><div class=\"num \"><\/div><h4 class=\"h \">SEPARACIONES Y DIVORCIOS<\/h4><div class=\"text \">Tramitaci\u00f3n del divorcio de mutuo acuerdo<br \/>\nTramitaci\u00f3n del divorcio contencioso<br \/>\nGuarda y custodia de los hijos<br \/>\nReclamaci\u00f3n Pensi\u00f3n de alimentos de los hijos<br \/>\nR\u00e9gimen de visitas<br \/>\nUso del domicilio familiar<br \/>\nRupturas de parejas de hecho<br \/>\nProcedimiento de acci\u00f3n de Divisi\u00f3n de la cosa com\u00fan<br \/>\nModificaci\u00f3n de sentencia<br \/>\nAsesoramiento capitulaciones matrimoniales<\/div><\/div><div class=\"item\"><div class=\"num \"><\/div><h4 class=\"h \">HERENCIAS<\/h4><div class=\"text \">Con Testamento<br \/>\nSin Testamento<br \/>\nImpuesto sobre sucesiones<br \/>\nAsesoramiento<br \/>\nAsesoramiento en la redacci\u00f3n de Testamento<br \/>\nReclamaci\u00f3n de la leg\u00edtima<\/div><\/div><div class=\"item\"><div class=\"num \"><\/div><h4 class=\"h \">INCAPACITACIONES<\/h4><div class=\"text \">Procedimiento de Incapacitaci\u00f3n Judicial<\/div><\/div><\/div>[vc_custom_heading text=&#8221;Empresa&#8221; font_container=&#8221;tag:h1|text_align:center&#8221; use_theme_fonts=&#8221;yes&#8221; css_animation=&#8221;none&#8221; css=&#8221;.vc_custom_1714673951503{margin-top: 10px !important;margin-bottom: 35px !important;}&#8221; link=&#8221;url:http%3A%2F%2Fwww.botiasgarcia.com%2Fabogados%2Fpages%2Fservicios%2Fempresa%2F|||&#8221;]<div class=\"step-items type2 steps-69ebdd9c65acb \"><div class=\"item\"><div class=\"num \"><\/div><h4 class=\"h \">Pymes<\/h4><div class=\"text \">Constituci\u00f3n de sociedades<br \/>\nAcuerdos entre socios<br \/>\nAmpliaciones y reducciones de capital<br \/>\nModificaci\u00f3n de estatutos<br \/>\nAsesoramiento en la compraventa de sociedades<br \/>\nAsistencia a Juntas Generales de socios<br \/>\nAsesoramiento, revisi\u00f3n y redacci\u00f3n de contratos mercantiles<br \/>\nAuditoria Laboral<br \/>\nEstudio y redacci\u00f3n de Contratos de Alta Direcci\u00f3n<\/div><\/div><div class=\"item\"><div class=\"num \"><\/div><h4 class=\"h \">Gesti\u00f3n de N\u00f3minas<\/h4><div class=\"text \">C\u00e1lculo y gesti\u00f3n de n\u00f3minas<br \/>\nAplicaci\u00f3n convenios colectivos<br \/>\nAsesoramiento y redacci\u00f3n de Contratos de trabajo<br \/>\nActuaci\u00f3n ante la Seguridad Social y la Inspecci\u00f3n de Trabajo<br \/>\nGesti\u00f3n de aplazamientos<br \/>\nTramitaci\u00f3n de partes de IT y Accidentes de Trabajo<\/div><\/div><\/div>[vc_column_text css_animation=&#8221;fadeInUp&#8221; css=&#8221;.vc_custom_1540936068576{margin-top: 70px !important;}&#8221;]<\/p>\n<p style=\"text-align: center;\"><a href=\"http:\/\/www.botiasgarcia.com\/abogados\/pedir-cita-online\/\" class=\"button-style2\">pide cita online<\/a><\/p>\n<p>[\/vc_column_text][\/vc_column][\/vc_row]<\/p>\n<\/div>","protected":false},"excerpt":{"rendered":"<p>[vc_row css_animation=&#8221;none&#8221; css=&#8221;.vc_custom_1534460152686{margin-top: 80px !important;padding-top: 25px !important;padding-bottom: 25px !important;}&#8221;][vc_column][vc_custom_heading text=&#8221;SERVICIOS&#8221; font_container=&#8221;tag:h6|text_align:center|color:%231f2f62&#8243; use_theme_fonts=&#8221;yes&#8221; css_animation=&#8221;fadeInUp&#8221; uppercase=&#8221;on&#8221; css=&#8221;.vc_custom_1534368953603{margin-bottom: 10px !important;}&#8221;][vc_custom_heading text=&#8221;Trabajo&#8221; font_container=&#8221;tag:h1|text_align:center&#8221; use_theme_fonts=&#8221;yes&#8221; css_animation=&#8221;none&#8221; css=&#8221;.vc_custom_1714673884455{margin-top: 10px !important;margin-bottom: 35px !important;}&#8221; link=&#8221;url:http%3A%2F%2Fwww.botiasgarcia.com%2Fabogados%2Fpages%2Fservicios%2Ftrabajo%2F|||&#8221;][vc_custom_heading text=&#8221;Vivienda&#8221; font_container=&#8221;tag:h1|text_align:center&#8221; use_theme_fonts=&#8221;yes&#8221; css_animation=&#8221;none&#8221; css=&#8221;.vc_custom_1714673925402{margin-top: 10px !important;margin-bottom: 35px !important;}&#8221; link=&#8221;url:http%3A%2F%2Fwww.botiasgarcia.com%2Fabogados%2Fpages%2Fservicios%2Fvivienda%2F|||&#8221;][vc_custom_heading text=&#8221;Familia&#8221; font_container=&#8221;tag:h1|text_align:center&#8221; use_theme_fonts=&#8221;yes&#8221; css_animation=&#8221;none&#8221; css=&#8221;.vc_custom_1714673993169{margin-top: 10px !important;margin-bottom: 35px !important;}&#8221; link=&#8221;url:http%3A%2F%2Fwww.botiasgarcia.com%2Fabogados%2Fpages%2Fservicios%2Ffamilia%2F|||&#8221;][vc_custom_heading text=&#8221;Empresa&#8221; font_container=&#8221;tag:h1|text_align:center&#8221; use_theme_fonts=&#8221;yes&#8221; css_animation=&#8221;none&#8221; css=&#8221;.vc_custom_1714673951503{margin-top: 10px !important;margin-bottom: 35px [&hellip;]<\/p>\n","protected":false},"author":1,"featured_media":0,"parent":162,"menu_order":0,"comment_status":"closed","ping_status":"closed","template":"template-landing.php","meta":{"_acf_changed":false,"footnotes":""},"class_list":["post-392","page","type-page","status-publish","hentry"],"acf":[],"yoast_head":"<!-- This site is optimized with the Yoast SEO plugin v27.4 - https:\/\/yoast.com\/product\/yoast-seo-wordpress\/ -->\n<title>servicios - BotiasGarcia Abogados<\/title>\n<meta name=\"robots\" content=\"index, follow, max-snippet:-1, max-image-preview:large, max-video-preview:-1\" \/>\n<link rel=\"canonical\" href=\"https:\/\/www.botiasgarcia.com\/abogados\/pages\/servicios\/\" \/>\n<meta property=\"og:locale\" content=\"es_ES\" \/>\n<meta property=\"og:type\" content=\"article\" \/>\n<meta property=\"og:title\" content=\"servicios - BotiasGarcia Abogados\" \/>\n<meta property=\"og:description\" content=\"[vc_row css_animation=&#8221;none&#8221; css=&#8221;.vc_custom_1534460152686{margin-top: 80px !important;padding-top: 25px !important;padding-bottom: 25px !important;}&#8221;][vc_column][vc_custom_heading text=&#8221;SERVICIOS&#8221; font_container=&#8221;tag:h6|text_align:center|color:%231f2f62&#8243; use_theme_fonts=&#8221;yes&#8221; css_animation=&#8221;fadeInUp&#8221; uppercase=&#8221;on&#8221; css=&#8221;.vc_custom_1534368953603{margin-bottom: 10px !important;}&#8221;][vc_custom_heading text=&#8221;Trabajo&#8221; font_container=&#8221;tag:h1|text_align:center&#8221; use_theme_fonts=&#8221;yes&#8221; css_animation=&#8221;none&#8221; css=&#8221;.vc_custom_1714673884455{margin-top: 10px !important;margin-bottom: 35px !important;}&#8221; link=&#8221;url:http%3A%2F%2Fwww.botiasgarcia.com%2Fabogados%2Fpages%2Fservicios%2Ftrabajo%2F|||&#8221;][vc_custom_heading text=&#8221;Vivienda&#8221; font_container=&#8221;tag:h1|text_align:center&#8221; use_theme_fonts=&#8221;yes&#8221; css_animation=&#8221;none&#8221; css=&#8221;.vc_custom_1714673925402{margin-top: 10px !important;margin-bottom: 35px !important;}&#8221; link=&#8221;url:http%3A%2F%2Fwww.botiasgarcia.com%2Fabogados%2Fpages%2Fservicios%2Fvivienda%2F|||&#8221;][vc_custom_heading text=&#8221;Familia&#8221; font_container=&#8221;tag:h1|text_align:center&#8221; use_theme_fonts=&#8221;yes&#8221; css_animation=&#8221;none&#8221; css=&#8221;.vc_custom_1714673993169{margin-top: 10px !important;margin-bottom: 35px !important;}&#8221; link=&#8221;url:http%3A%2F%2Fwww.botiasgarcia.com%2Fabogados%2Fpages%2Fservicios%2Ffamilia%2F|||&#8221;][vc_custom_heading text=&#8221;Empresa&#8221; font_container=&#8221;tag:h1|text_align:center&#8221; use_theme_fonts=&#8221;yes&#8221; css_animation=&#8221;none&#8221; css=&#8221;.vc_custom_1714673951503{margin-top: 10px !important;margin-bottom: 35px [&hellip;]\" \/>\n<meta property=\"og:url\" content=\"https:\/\/www.botiasgarcia.com\/abogados\/pages\/servicios\/\" \/>\n<meta property=\"og:site_name\" content=\"BotiasGarcia Abogados\" \/>\n<meta property=\"article:modified_time\" content=\"2024-05-02T18:20:14+00:00\" \/>\n<meta name=\"twitter:card\" content=\"summary_large_image\" \/>\n<meta name=\"twitter:label1\" content=\"Tiempo de lectura\" \/>\n\t<meta name=\"twitter:data1\" content=\"2 minutos\" \/>\n<script type=\"application\/ld+json\" class=\"yoast-schema-graph\">{\"@context\":\"https:\\\/\\\/schema.org\",\"@graph\":[{\"@type\":\"WebPage\",\"@id\":\"https:\\\/\\\/www.botiasgarcia.com\\\/abogados\\\/pages\\\/servicios\\\/\",\"url\":\"https:\\\/\\\/www.botiasgarcia.com\\\/abogados\\\/pages\\\/servicios\\\/\",\"name\":\"servicios - BotiasGarcia Abogados\",\"isPartOf\":{\"@id\":\"https:\\\/\\\/www.botiasgarcia.com\\\/abogados\\\/#website\"},\"datePublished\":\"2018-03-28T07:33:23+00:00\",\"dateModified\":\"2024-05-02T18:20:14+00:00\",\"breadcrumb\":{\"@id\":\"https:\\\/\\\/www.botiasgarcia.com\\\/abogados\\\/pages\\\/servicios\\\/#breadcrumb\"},\"inLanguage\":\"es\",\"potentialAction\":[{\"@type\":\"ReadAction\",\"target\":[\"https:\\\/\\\/www.botiasgarcia.com\\\/abogados\\\/pages\\\/servicios\\\/\"]}]},{\"@type\":\"BreadcrumbList\",\"@id\":\"https:\\\/\\\/www.botiasgarcia.com\\\/abogados\\\/pages\\\/servicios\\\/#breadcrumb\",\"itemListElement\":[{\"@type\":\"ListItem\",\"position\":1,\"name\":\"Portada\",\"item\":\"https:\\\/\\\/www.botiasgarcia.com\\\/abogados\\\/\"},{\"@type\":\"ListItem\",\"position\":2,\"name\":\"Pages\",\"item\":\"https:\\\/\\\/www.botiasgarcia.com\\\/abogados\\\/pages\\\/\"},{\"@type\":\"ListItem\",\"position\":3,\"name\":\"servicios\"}]},{\"@type\":\"WebSite\",\"@id\":\"https:\\\/\\\/www.botiasgarcia.com\\\/abogados\\\/#website\",\"url\":\"https:\\\/\\\/www.botiasgarcia.com\\\/abogados\\\/\",\"name\":\"BotiasGarcia Abogados\",\"description\":\"\",\"potentialAction\":[{\"@type\":\"SearchAction\",\"target\":{\"@type\":\"EntryPoint\",\"urlTemplate\":\"https:\\\/\\\/www.botiasgarcia.com\\\/abogados\\\/?s={search_term_string}\"},\"query-input\":{\"@type\":\"PropertyValueSpecification\",\"valueRequired\":true,\"valueName\":\"search_term_string\"}}],\"inLanguage\":\"es\"}]}<\/script>\n<!-- \/ Yoast SEO plugin. -->","yoast_head_json":{"title":"servicios - BotiasGarcia Abogados","robots":{"index":"index","follow":"follow","max-snippet":"max-snippet:-1","max-image-preview":"max-image-preview:large","max-video-preview":"max-video-preview:-1"},"canonical":"https:\/\/www.botiasgarcia.com\/abogados\/pages\/servicios\/","og_locale":"es_ES","og_type":"article","og_title":"servicios - BotiasGarcia Abogados","og_description":"[vc_row css_animation=&#8221;none&#8221; css=&#8221;.vc_custom_1534460152686{margin-top: 80px !important;padding-top: 25px !important;padding-bottom: 25px !important;}&#8221;][vc_column][vc_custom_heading text=&#8221;SERVICIOS&#8221; font_container=&#8221;tag:h6|text_align:center|color:%231f2f62&#8243; use_theme_fonts=&#8221;yes&#8221; css_animation=&#8221;fadeInUp&#8221; uppercase=&#8221;on&#8221; css=&#8221;.vc_custom_1534368953603{margin-bottom: 10px !important;}&#8221;][vc_custom_heading text=&#8221;Trabajo&#8221; font_container=&#8221;tag:h1|text_align:center&#8221; use_theme_fonts=&#8221;yes&#8221; css_animation=&#8221;none&#8221; css=&#8221;.vc_custom_1714673884455{margin-top: 10px !important;margin-bottom: 35px !important;}&#8221; link=&#8221;url:http%3A%2F%2Fwww.botiasgarcia.com%2Fabogados%2Fpages%2Fservicios%2Ftrabajo%2F|||&#8221;][vc_custom_heading text=&#8221;Vivienda&#8221; font_container=&#8221;tag:h1|text_align:center&#8221; use_theme_fonts=&#8221;yes&#8221; css_animation=&#8221;none&#8221; css=&#8221;.vc_custom_1714673925402{margin-top: 10px !important;margin-bottom: 35px !important;}&#8221; link=&#8221;url:http%3A%2F%2Fwww.botiasgarcia.com%2Fabogados%2Fpages%2Fservicios%2Fvivienda%2F|||&#8221;][vc_custom_heading text=&#8221;Familia&#8221; font_container=&#8221;tag:h1|text_align:center&#8221; use_theme_fonts=&#8221;yes&#8221; css_animation=&#8221;none&#8221; css=&#8221;.vc_custom_1714673993169{margin-top: 10px !important;margin-bottom: 35px !important;}&#8221; link=&#8221;url:http%3A%2F%2Fwww.botiasgarcia.com%2Fabogados%2Fpages%2Fservicios%2Ffamilia%2F|||&#8221;][vc_custom_heading text=&#8221;Empresa&#8221; font_container=&#8221;tag:h1|text_align:center&#8221; use_theme_fonts=&#8221;yes&#8221; css_animation=&#8221;none&#8221; css=&#8221;.vc_custom_1714673951503{margin-top: 10px !important;margin-bottom: 35px [&hellip;]","og_url":"https:\/\/www.botiasgarcia.com\/abogados\/pages\/servicios\/","og_site_name":"BotiasGarcia Abogados","article_modified_time":"2024-05-02T18:20:14+00:00","twitter_card":"summary_large_image","twitter_misc":{"Tiempo de lectura":"2 minutos"},"schema":{"@context":"https:\/\/schema.org","@graph":[{"@type":"WebPage","@id":"https:\/\/www.botiasgarcia.com\/abogados\/pages\/servicios\/","url":"https:\/\/www.botiasgarcia.com\/abogados\/pages\/servicios\/","name":"servicios - BotiasGarcia Abogados","isPartOf":{"@id":"https:\/\/www.botiasgarcia.com\/abogados\/#website"},"datePublished":"2018-03-28T07:33:23+00:00","dateModified":"2024-05-02T18:20:14+00:00","breadcrumb":{"@id":"https:\/\/www.botiasgarcia.com\/abogados\/pages\/servicios\/#breadcrumb"},"inLanguage":"es","potentialAction":[{"@type":"ReadAction","target":["https:\/\/www.botiasgarcia.com\/abogados\/pages\/servicios\/"]}]},{"@type":"BreadcrumbList","@id":"https:\/\/www.botiasgarcia.com\/abogados\/pages\/servicios\/#breadcrumb","itemListElement":[{"@type":"ListItem","position":1,"name":"Portada","item":"https:\/\/www.botiasgarcia.com\/abogados\/"},{"@type":"ListItem","position":2,"name":"Pages","item":"https:\/\/www.botiasgarcia.com\/abogados\/pages\/"},{"@type":"ListItem","position":3,"name":"servicios"}]},{"@type":"WebSite","@id":"https:\/\/www.botiasgarcia.com\/abogados\/#website","url":"https:\/\/www.botiasgarcia.com\/abogados\/","name":"BotiasGarcia Abogados","description":"","potentialAction":[{"@type":"SearchAction","target":{"@type":"EntryPoint","urlTemplate":"https:\/\/www.botiasgarcia.com\/abogados\/?s={search_term_string}"},"query-input":{"@type":"PropertyValueSpecification","valueRequired":true,"valueName":"search_term_string"}}],"inLanguage":"es"}]}},"_links":{"self":[{"href":"https:\/\/www.botiasgarcia.com\/abogados\/wp-json\/wp\/v2\/pages\/392","targetHints":{"allow":["GET"]}}],"collection":[{"href":"https:\/\/www.botiasgarcia.com\/abogados\/wp-json\/wp\/v2\/pages"}],"about":[{"href":"https:\/\/www.botiasgarcia.com\/abogados\/wp-json\/wp\/v2\/types\/page"}],"author":[{"embeddable":true,"href":"https:\/\/www.botiasgarcia.com\/abogados\/wp-json\/wp\/v2\/users\/1"}],"replies":[{"embeddable":true,"href":"https:\/\/www.botiasgarcia.com\/abogados\/wp-json\/wp\/v2\/comments?post=392"}],"version-history":[{"count":10,"href":"https:\/\/www.botiasgarcia.com\/abogados\/wp-json\/wp\/v2\/pages\/392\/revisions"}],"predecessor-version":[{"id":1801,"href":"https:\/\/www.botiasgarcia.com\/abogados\/wp-json\/wp\/v2\/pages\/392\/revisions\/1801"}],"up":[{"embeddable":true,"href":"https:\/\/www.botiasgarcia.com\/abogados\/wp-json\/wp\/v2\/pages\/162"}],"wp:attachment":[{"href":"https:\/\/www.botiasgarcia.com\/abogados\/wp-json\/wp\/v2\/media?parent=392"}],"curies":[{"name":"wp","href":"https:\/\/api.w.org\/{rel}","templated":true}]}}