{"id":1924,"date":"2025-07-23T15:48:39","date_gmt":"2025-07-23T15:48:39","guid":{"rendered":"https:\/\/www.botiasgarcia.com\/abogados\/?page_id=1924"},"modified":"2025-07-23T16:57:39","modified_gmt":"2025-07-23T16:57:39","slug":"aviso-legal","status":"publish","type":"page","link":"https:\/\/www.botiasgarcia.com\/abogados\/aviso-legal\/","title":{"rendered":"Aviso Legal"},"content":{"rendered":"<div class=\"wpb-content-wrapper\"><p>[vc_row][vc_column][vc_column_text]<\/p>\n<p><span style=\"font-weight: 400;\">Esta p\u00e1gina Web es propiedad de ARIBAU ABOGADOS SLP (en adelante ARIBAU ABOGADOS), con NIF n\u00ba B44822468 y domicilio en CL. Aribau, 253 ENTLO 3\u00aa, 08021 Barcelona e Inscrita en el Registro Mercantil de Barcelona en el Tomo 48752, Folio 219, Hoja B 594956, Inscripci\u00f3n 1\u00aa<\/span><\/p>\n<p><span style=\"font-weight: 400;\">Para cualquier consulta o propuesta, cont\u00e1ctenos llamando al tel\u00e9fono 930271760 o en el e-mail <\/span><a href=\"mailto:info@botiasgarcia.com\"><span style=\"font-weight: 400;\">info@botiasgarcia.com<\/span><\/a><span style=\"font-weight: 400;\">.<\/span><\/p>\n<p><span style=\"font-weight: 400;\">Esta p\u00e1gina Web se rige por la normativa exclusivamente aplicable en Espa\u00f1a, quedando sometida a ella, tanto nacionales como extranjeros que utilicen esta Web.<\/span><\/p>\n<p><span style=\"font-weight: 400;\">El acceso a nuestra p\u00e1gina Web por parte de la PERSONA USUARIA es gratuito y su uso se rige por las condiciones de uso vigentes en el momento del acceso, que rogamos lea detenidamente. Si la PERSONA USUARIA no estuviere de acuerdo con las presentes condiciones de uso, deber\u00e1 abstenerse de utilizar este portal y operar por medio del mismo, pudiendo contactar con nosotros para que le resolvamos cualquier duda en relaci\u00f3n a las mismas.<\/span><\/p>\n<p><span style=\"font-weight: 400;\">El suministro de datos personales a trav\u00e9s de nuestro portal requiere una edad m\u00ednima de 14 a\u00f1os, o en su caso, disponer de capacidad jur\u00eddica suficiente para contratar.<\/span><\/p>\n<p><span style=\"font-weight: 400;\">En cualquier momento podremos modificar la presentaci\u00f3n y configuraci\u00f3n de nuestra Web, ampliar o reducir servicios, e incluso suprimirla de la Red, as\u00ed como los servicios y contenidos prestados.<\/span><\/p>\n<p>&nbsp;<\/p>\n<ol>\n<li><b> PROPIEDAD INTELECTUAL<\/b><\/li>\n<\/ol>\n<p><span style=\"font-weight: 400;\">Todos los contenidos, textos, im\u00e1genes, y c\u00f3digos fuente son propiedad de ARIBAU ABOGADOS o de terceros a los que se han adquirido sus derechos de explotaci\u00f3n, y est\u00e1n protegidos por los derechos de Propiedad Intelectual e Industrial.<\/span><\/p>\n<p><span style=\"font-weight: 400;\">La PERSONA USUARIA \u00fanicamente tiene derecho a un uso privado de los mismos, sin \u00e1nimo de lucro, y necesita autorizaci\u00f3n expresa para modificarlos, reproducirlos, explotarlos, distribuirlos o ejercer cualquier derecho perteneciente a su titular.<\/span><\/p>\n<p><span style=\"font-weight: 400;\">ARIBAU ABOGADOS es una marca registrada, y est\u00e1 prohibida su reproducci\u00f3n, imitaci\u00f3n, utilizaci\u00f3n o inserci\u00f3n de estas marcas sin nuestra debida autorizaci\u00f3n<\/span><span style=\"font-weight: 400;\">.<\/span><\/p>\n<p><span style=\"font-weight: 400;\">El establecimiento de enlaces a nuestro portal no confiere ning\u00fan derecho sobre el mismo. Asimismo, el simple hecho de establecer un enlace a nuestra p\u00e1gina web no da derecho a otorgarse la categor\u00eda de colaborador o socio.<\/span><\/p>\n<p><span style=\"font-weight: 400;\">ARIBAU ABOGADOS queda exonerado de responsabilidad por cualquier reclamaci\u00f3n respecto a los derechos de propiedad intelectual de los art\u00edculos e im\u00e1genes publicadas por terceros en su portal.<\/span><\/p>\n<p><span style=\"font-weight: 400;\">Est\u00e1 absolutamente prohibida la imitaci\u00f3n ya sea total o parcial de nuestro portal o el establecimiento de enlaces a nuestra p\u00e1gina web sin la autorizaci\u00f3n previa de ARIBAU ABOGADOS.<\/span><\/p>\n<p>&nbsp;<\/p>\n<ol>\n<li><b> CONDICIONES DE ACCESO Y USO<\/b><\/li>\n<\/ol>\n<p><span style=\"font-weight: 400;\">El acceso a nuestra p\u00e1gina Web es gratuito y no exige suscripci\u00f3n o registro previo. Sin embargo, determinados servicios son de acceso restringido a determinadas PERSONAS USUARIAS y requieren haber realizado un proceso de registro y\/o la identificaci\u00f3n mediante contrase\u00f1as. Estos servicios quedar\u00e1n debidamente identificados en la Web.\u00a0<\/span><\/p>\n<p><span style=\"font-weight: 400;\">El env\u00edo de datos personales implica la aceptaci\u00f3n expresa por parte de la PERSONA USUARIA de nuestra pol\u00edtica de privacidad.<\/span><\/p>\n<p><span style=\"font-weight: 400;\">La PERSONA USUARIA debe acceder a nuestra p\u00e1gina Web conforme a la buena fe, las normas de orden p\u00fablico y a las presentes Condiciones Generales de uso. El acceso a nuestro sitio Web se realiza bajo la propia y exclusiva responsabilidad de la PERSONA USUARIA, que responder\u00e1 en todo caso de los da\u00f1os y perjuicios que pueda causar a terceros o a nosotros mismos.<\/span><\/p>\n<p><span style=\"font-weight: 400;\">La PERSONA USUARIA tiene expresamente prohibida la utilizaci\u00f3n y obtenci\u00f3n de los servicios, y contenidos ofrecidos en la presente p\u00e1gina web, por procedimientos distintos a los estipulados en las presentes condiciones de uso.<\/span><\/p>\n<p><span style=\"font-weight: 400;\">La PERSONA USUARIA tiene prohibido cualquier tipo de acci\u00f3n sobre nuestro portal que origine una excesiva sobrecarga de funcionamiento a nuestros sistemas inform\u00e1ticos, as\u00ed como la introducci\u00f3n de virus, o instalaci\u00f3n de robots, o software que altere el normal funcionamiento de nuestra web, o en definitiva pueda causar da\u00f1os a nuestros sistemas inform\u00e1ticos.<\/span><\/p>\n<p><span style=\"font-weight: 400;\">Teniendo en cuenta la dificultad de control respecto a la informaci\u00f3n, contenidos y servicios que contengan p\u00e1ginas web de terceros disponibles desde nuestra p\u00e1gina web, le comunicamos que ARIBAU ABOGADOS, no se hace responsable de los mismos, sin perjuicio de que intentar\u00e1, en la medida de lo posible, velar por su legalidad.<\/span><\/p>\n<p><span style=\"font-weight: 400;\">ARIBAU ABOGADOS se reserva el derecho a dar de baja a cualquier PERSONA USUARIA que la organizaci\u00f3n entienda que ha vulnerado las condiciones que rigen el uso de nuestra p\u00e1gina web. Asimismo, se reserva el derecho de ejercitar las acciones legales oportunas contra aquellos que vulneren las presentes condiciones generales de uso.<\/span><\/p>\n<ol>\n<li><b> POL\u00cdTICA DE PRIVACIDAD<\/b><\/li>\n<\/ol>\n<p><span style=\"font-weight: 400;\">La confidencialidad y la seguridad son valores primordiales de ARIBAU ABOGADOS y, en consecuencia, asumimos el compromiso de garantizar la privacidad de la PERSONA USUARIA en todo momento y de no recabar informaci\u00f3n innecesaria.\u00a0<\/span><\/p>\n<p><span style=\"font-weight: 400;\">El suministro de datos personales a trav\u00e9s de nuestro portal requiere una edad m\u00ednima de 14 a\u00f1os y la aceptaci\u00f3n expresa de nuestra <\/span><span style=\"font-weight: 400;\">Pol\u00edtica de Privacidad<\/span><span style=\"font-weight: 400;\">.<\/span><\/p>\n<ol>\n<li><b> RESPONSABILIDADES<\/b><\/li>\n<\/ol>\n<p><span style=\"font-weight: 400;\">Al poner a disposici\u00f3n de la PERSONA USUARIA esta p\u00e1gina Web queremos ofrecerle un servicio de calidad, utilizando la m\u00e1xima diligencia en la prestaci\u00f3n del mismo, as\u00ed como en los medios tecnol\u00f3gicos utilizados. No obstante, ARIBAU ABOGADOS no garantiza que la disponibilidad del servicio sea continua e ininterrumpida, por circunstancias originadas por problemas en la red de Internet, aver\u00edas en los dispositivos inform\u00e1ticos u otras circunstancias imprevisibles, de manera que la PERSONA USUARIA acepta soportar dentro de unos l\u00edmites razonables estas circunstancias.\u00a0<\/span><\/p>\n<p><span style=\"font-weight: 400;\">Esta p\u00e1gina web, salvo lo regulado, en su caso, por algunas condiciones de uso espec\u00edficas, es puramente informativa y de presentaci\u00f3n corporativa de nuestros productos y servicios, por lo que ARIBAU ABOGADOS no se responsabiliza por las expectativas de cualquier tipo que pueda generar a la PERSONA USUARIA.\u00a0<\/span><\/p>\n<p>&nbsp;<\/p>\n<p><span style=\"font-weight: 400;\">Todo lo referente a nuestra p\u00e1gina web, se rige exclusivamente por las leyes espa\u00f1olas. En el caso de que se produzca cualquier tipo de discrepancia o diferencia entre las partes en relaci\u00f3n con la interpretaci\u00f3n y contenido de la presente p\u00e1gina web, todas las partes se someten a los Juzgados y Tribunales que legalmente correspondan.<\/span><\/p>\n<p>&nbsp;<\/p>\n<ol>\n<li><b> VIGENCIA DE LAS CONDICIONES GENERALES DE ACCESO A LA WEB<\/b><\/li>\n<\/ol>\n<p><span style=\"font-weight: 400;\">Las presentes Condiciones Generales de Uso han sido modificadas con fecha 23<\/span><span style=\"font-weight: 400;\">\/07\/2023<\/span><span style=\"font-weight: 400;\">. En cualquier momento podemos proceder a su modificaci\u00f3n: por favor, compruebe la fecha de emisi\u00f3n en cada ocasi\u00f3n en que se conecte a nuestra p\u00e1gina Web y as\u00ed tendr\u00e1 la certeza de que no se ha producido modificaci\u00f3n alguna que le afecte.<\/span><\/p>\n<p><span style=\"font-weight: 400;\">Para cualquier cuesti\u00f3n respecto a las Condiciones de Uso de nuestra p\u00e1gina web, puede ponerse en contacto con nosotros en los datos arriba indicados, o con Lant Abogados en <\/span><a href=\"mailto:info@lant-abogados.com\"><span style=\"font-weight: 400;\">info@lant-abogados.com<\/span><\/a><span style=\"font-weight: 400;\"> o en <\/span><a href=\"https:\/\/www.lant-abogados.com\/\"><span style=\"font-weight: 400;\">https:\/\/www.lant-abogados.com\/<\/span><\/a><span style=\"font-weight: 400;\">.\u00a0<\/span><\/p>\n<p>[\/vc_column_text][\/vc_column][\/vc_row]<\/p>\n<\/div>","protected":false},"excerpt":{"rendered":"<p>[vc_row][vc_column][vc_column_text] Esta p\u00e1gina Web es propiedad de ARIBAU ABOGADOS SLP (en adelante ARIBAU ABOGADOS), con NIF n\u00ba B44822468 y domicilio en CL. Aribau, 253 ENTLO 3\u00aa, 08021 Barcelona e Inscrita en el Registro Mercantil de Barcelona en el Tomo 48752, Folio 219, Hoja B 594956, Inscripci\u00f3n 1\u00aa Para cualquier consulta o propuesta, cont\u00e1ctenos llamando al [&hellip;]<\/p>\n","protected":false},"author":1,"featured_media":0,"parent":0,"menu_order":0,"comment_status":"closed","ping_status":"closed","template":"","meta":{"_acf_changed":false,"footnotes":""},"class_list":["post-1924","page","type-page","status-publish","hentry"],"acf":[],"yoast_head":"<!-- This site is optimized with the Yoast SEO plugin v27.4 - https:\/\/yoast.com\/product\/yoast-seo-wordpress\/ -->\n<title>Aviso Legal - BotiasGarcia Abogados<\/title>\n<meta name=\"robots\" content=\"index, follow, max-snippet:-1, max-image-preview:large, max-video-preview:-1\" \/>\n<link rel=\"canonical\" href=\"https:\/\/www.botiasgarcia.com\/abogados\/aviso-legal\/\" \/>\n<meta property=\"og:locale\" content=\"es_ES\" \/>\n<meta property=\"og:type\" content=\"article\" \/>\n<meta property=\"og:title\" content=\"Aviso Legal - BotiasGarcia Abogados\" \/>\n<meta property=\"og:description\" content=\"[vc_row][vc_column][vc_column_text] Esta p\u00e1gina Web es propiedad de ARIBAU ABOGADOS SLP (en adelante ARIBAU ABOGADOS), con NIF n\u00ba B44822468 y domicilio en CL. Aribau, 253 ENTLO 3\u00aa, 08021 Barcelona e Inscrita en el Registro Mercantil de Barcelona en el Tomo 48752, Folio 219, Hoja B 594956, Inscripci\u00f3n 1\u00aa Para cualquier consulta o propuesta, cont\u00e1ctenos llamando al [&hellip;]\" \/>\n<meta property=\"og:url\" content=\"https:\/\/www.botiasgarcia.com\/abogados\/aviso-legal\/\" \/>\n<meta property=\"og:site_name\" content=\"BotiasGarcia Abogados\" \/>\n<meta property=\"article:modified_time\" content=\"2025-07-23T16:57:39+00:00\" \/>\n<meta name=\"twitter:card\" content=\"summary_large_image\" \/>\n<meta name=\"twitter:label1\" content=\"Tiempo de lectura\" \/>\n\t<meta name=\"twitter:data1\" content=\"5 minutos\" \/>\n<script type=\"application\/ld+json\" class=\"yoast-schema-graph\">{\"@context\":\"https:\\\/\\\/schema.org\",\"@graph\":[{\"@type\":\"WebPage\",\"@id\":\"https:\\\/\\\/www.botiasgarcia.com\\\/abogados\\\/aviso-legal\\\/\",\"url\":\"https:\\\/\\\/www.botiasgarcia.com\\\/abogados\\\/aviso-legal\\\/\",\"name\":\"Aviso Legal - BotiasGarcia Abogados\",\"isPartOf\":{\"@id\":\"https:\\\/\\\/www.botiasgarcia.com\\\/abogados\\\/#website\"},\"datePublished\":\"2025-07-23T15:48:39+00:00\",\"dateModified\":\"2025-07-23T16:57:39+00:00\",\"breadcrumb\":{\"@id\":\"https:\\\/\\\/www.botiasgarcia.com\\\/abogados\\\/aviso-legal\\\/#breadcrumb\"},\"inLanguage\":\"es\",\"potentialAction\":[{\"@type\":\"ReadAction\",\"target\":[\"https:\\\/\\\/www.botiasgarcia.com\\\/abogados\\\/aviso-legal\\\/\"]}]},{\"@type\":\"BreadcrumbList\",\"@id\":\"https:\\\/\\\/www.botiasgarcia.com\\\/abogados\\\/aviso-legal\\\/#breadcrumb\",\"itemListElement\":[{\"@type\":\"ListItem\",\"position\":1,\"name\":\"Portada\",\"item\":\"https:\\\/\\\/www.botiasgarcia.com\\\/abogados\\\/\"},{\"@type\":\"ListItem\",\"position\":2,\"name\":\"Aviso Legal\"}]},{\"@type\":\"WebSite\",\"@id\":\"https:\\\/\\\/www.botiasgarcia.com\\\/abogados\\\/#website\",\"url\":\"https:\\\/\\\/www.botiasgarcia.com\\\/abogados\\\/\",\"name\":\"BotiasGarcia Abogados\",\"description\":\"\",\"potentialAction\":[{\"@type\":\"SearchAction\",\"target\":{\"@type\":\"EntryPoint\",\"urlTemplate\":\"https:\\\/\\\/www.botiasgarcia.com\\\/abogados\\\/?s={search_term_string}\"},\"query-input\":{\"@type\":\"PropertyValueSpecification\",\"valueRequired\":true,\"valueName\":\"search_term_string\"}}],\"inLanguage\":\"es\"}]}<\/script>\n<!-- \/ Yoast SEO plugin. -->","yoast_head_json":{"title":"Aviso Legal - BotiasGarcia Abogados","robots":{"index":"index","follow":"follow","max-snippet":"max-snippet:-1","max-image-preview":"max-image-preview:large","max-video-preview":"max-video-preview:-1"},"canonical":"https:\/\/www.botiasgarcia.com\/abogados\/aviso-legal\/","og_locale":"es_ES","og_type":"article","og_title":"Aviso Legal - BotiasGarcia Abogados","og_description":"[vc_row][vc_column][vc_column_text] Esta p\u00e1gina Web es propiedad de ARIBAU ABOGADOS SLP (en adelante ARIBAU ABOGADOS), con NIF n\u00ba B44822468 y domicilio en CL. Aribau, 253 ENTLO 3\u00aa, 08021 Barcelona e Inscrita en el Registro Mercantil de Barcelona en el Tomo 48752, Folio 219, Hoja B 594956, Inscripci\u00f3n 1\u00aa Para cualquier consulta o propuesta, cont\u00e1ctenos llamando al [&hellip;]","og_url":"https:\/\/www.botiasgarcia.com\/abogados\/aviso-legal\/","og_site_name":"BotiasGarcia Abogados","article_modified_time":"2025-07-23T16:57:39+00:00","twitter_card":"summary_large_image","twitter_misc":{"Tiempo de lectura":"5 minutos"},"schema":{"@context":"https:\/\/schema.org","@graph":[{"@type":"WebPage","@id":"https:\/\/www.botiasgarcia.com\/abogados\/aviso-legal\/","url":"https:\/\/www.botiasgarcia.com\/abogados\/aviso-legal\/","name":"Aviso Legal - BotiasGarcia Abogados","isPartOf":{"@id":"https:\/\/www.botiasgarcia.com\/abogados\/#website"},"datePublished":"2025-07-23T15:48:39+00:00","dateModified":"2025-07-23T16:57:39+00:00","breadcrumb":{"@id":"https:\/\/www.botiasgarcia.com\/abogados\/aviso-legal\/#breadcrumb"},"inLanguage":"es","potentialAction":[{"@type":"ReadAction","target":["https:\/\/www.botiasgarcia.com\/abogados\/aviso-legal\/"]}]},{"@type":"BreadcrumbList","@id":"https:\/\/www.botiasgarcia.com\/abogados\/aviso-legal\/#breadcrumb","itemListElement":[{"@type":"ListItem","position":1,"name":"Portada","item":"https:\/\/www.botiasgarcia.com\/abogados\/"},{"@type":"ListItem","position":2,"name":"Aviso Legal"}]},{"@type":"WebSite","@id":"https:\/\/www.botiasgarcia.com\/abogados\/#website","url":"https:\/\/www.botiasgarcia.com\/abogados\/","name":"BotiasGarcia Abogados","description":"","potentialAction":[{"@type":"SearchAction","target":{"@type":"EntryPoint","urlTemplate":"https:\/\/www.botiasgarcia.com\/abogados\/?s={search_term_string}"},"query-input":{"@type":"PropertyValueSpecification","valueRequired":true,"valueName":"search_term_string"}}],"inLanguage":"es"}]}},"_links":{"self":[{"href":"https:\/\/www.botiasgarcia.com\/abogados\/wp-json\/wp\/v2\/pages\/1924","targetHints":{"allow":["GET"]}}],"collection":[{"href":"https:\/\/www.botiasgarcia.com\/abogados\/wp-json\/wp\/v2\/pages"}],"about":[{"href":"https:\/\/www.botiasgarcia.com\/abogados\/wp-json\/wp\/v2\/types\/page"}],"author":[{"embeddable":true,"href":"https:\/\/www.botiasgarcia.com\/abogados\/wp-json\/wp\/v2\/users\/1"}],"replies":[{"embeddable":true,"href":"https:\/\/www.botiasgarcia.com\/abogados\/wp-json\/wp\/v2\/comments?post=1924"}],"version-history":[{"count":3,"href":"https:\/\/www.botiasgarcia.com\/abogados\/wp-json\/wp\/v2\/pages\/1924\/revisions"}],"predecessor-version":[{"id":1936,"href":"https:\/\/www.botiasgarcia.com\/abogados\/wp-json\/wp\/v2\/pages\/1924\/revisions\/1936"}],"wp:attachment":[{"href":"https:\/\/www.botiasgarcia.com\/abogados\/wp-json\/wp\/v2\/media?parent=1924"}],"curies":[{"name":"wp","href":"https:\/\/api.w.org\/{rel}","templated":true}]}}