{"id":1824,"date":"2024-05-08T09:44:11","date_gmt":"2024-05-08T09:44:11","guid":{"rendered":"https:\/\/www.botiasgarcia.com\/abogados\/?page_id=1824"},"modified":"2024-05-13T10:16:56","modified_gmt":"2024-05-13T10:16:56","slug":"david-dichos-marti","status":"publish","type":"page","link":"https:\/\/www.botiasgarcia.com\/abogados\/pages\/about-us\/david-dichos-marti\/","title":{"rendered":"David Dich\u00f3s Mart\u00ed"},"content":{"rendered":"<div class=\"wpb-content-wrapper\"><p>[vc_row css_animation=&#8221;none&#8221; css=&#8221;.vc_custom_1714675665090{padding-bottom: 40px !important;}&#8221;][vc_column width=&#8221;1\/2&#8243;][vc_separator][vc_single_image image=&#8221;1823&#8243; img_size=&#8221;full&#8221; alignment=&#8221;center&#8221; style=&#8221;vc_box_shadow_border&#8221;][\/vc_column][vc_column width=&#8221;1\/2&#8243;][vc_empty_space][vc_custom_heading text=&#8221;Socio&#8221; google_fonts=&#8221;font_family:Lato%3A100%2C100italic%2C300%2C300italic%2Cregular%2Citalic%2C700%2C700italic%2C900%2C900italic|font_style:400%20regular%3A400%3Anormal&#8221;][vc_column_text]Graduado en Derecho por la Universidad de Barcelona (UB)<br \/>\nDiplomado en Relaciones Laborales (UB)<br \/>\nPostgraduado en Recursos Humanos por la Universidad Pompeu Fabra<\/p>\n<hr \/>\n<div class=\"c-message_kit__blocks c-message_kit__blocks--rich_text\">\n<div class=\"c-message__message_blocks c-message__message_blocks--rich_text\" data-qa=\"message-text\">\n<div class=\"p-block_kit_renderer\" data-qa=\"block-kit-renderer\">\n<div class=\"p-block_kit_renderer__block_wrapper p-block_kit_renderer__block_wrapper--first\">\n<div class=\"p-rich_text_block\" dir=\"auto\">\n<div class=\"p-rich_text_section\"><strong>Con m\u00e1s de 25 a\u00f1os de experiencia en el asesoramiento legal a empresas y particulares, est\u00e1 especializado en Derecho laboral y de la Seguridad Social.<\/strong><\/div>\n<\/div>\n<\/div>\n<\/div>\n<\/div>\n<\/div>\n<div class=\"c-files_container\" role=\"none\" data-qa=\"message_kit_files\">\n<div class=\"c-message_kit__file__meta\"><\/div>\n<\/div>\n<p>[\/vc_column_text][\/vc_column][\/vc_row]<\/p>\n<\/div>","protected":false},"excerpt":{"rendered":"<p>[vc_row css_animation=&#8221;none&#8221; css=&#8221;.vc_custom_1714675665090{padding-bottom: 40px !important;}&#8221;][vc_column width=&#8221;1\/2&#8243;][vc_separator][vc_single_image image=&#8221;1823&#8243; img_size=&#8221;full&#8221; alignment=&#8221;center&#8221; style=&#8221;vc_box_shadow_border&#8221;][\/vc_column][vc_column width=&#8221;1\/2&#8243;][vc_empty_space][vc_custom_heading text=&#8221;Socio&#8221; google_fonts=&#8221;font_family:Lato%3A100%2C100italic%2C300%2C300italic%2Cregular%2Citalic%2C700%2C700italic%2C900%2C900italic|font_style:400%20regular%3A400%3Anormal&#8221;][vc_column_text]Graduado en Derecho por la Universidad de Barcelona (UB) Diplomado en Relaciones Laborales (UB) Postgraduado en Recursos Humanos por la Universidad Pompeu Fabra Con m\u00e1s de 25 a\u00f1os de experiencia en el asesoramiento legal a empresas y particulares, est\u00e1 especializado en Derecho laboral [&hellip;]<\/p>\n","protected":false},"author":1,"featured_media":0,"parent":164,"menu_order":1,"comment_status":"closed","ping_status":"closed","template":"","meta":{"_acf_changed":false,"footnotes":""},"class_list":["post-1824","page","type-page","status-publish","hentry"],"acf":[],"yoast_head":"<!-- This site is optimized with the Yoast SEO plugin v27.4 - https:\/\/yoast.com\/product\/yoast-seo-wordpress\/ -->\n<title>David Dich\u00f3s Mart\u00ed - BotiasGarcia Abogados<\/title>\n<meta name=\"robots\" content=\"index, follow, max-snippet:-1, max-image-preview:large, max-video-preview:-1\" \/>\n<link rel=\"canonical\" href=\"https:\/\/www.botiasgarcia.com\/abogados\/pages\/about-us\/david-dichos-marti\/\" \/>\n<meta property=\"og:locale\" content=\"es_ES\" \/>\n<meta property=\"og:type\" content=\"article\" \/>\n<meta property=\"og:title\" content=\"David Dich\u00f3s Mart\u00ed - BotiasGarcia Abogados\" \/>\n<meta property=\"og:description\" content=\"[vc_row css_animation=&#8221;none&#8221; css=&#8221;.vc_custom_1714675665090{padding-bottom: 40px !important;}&#8221;][vc_column width=&#8221;1\/2&#8243;][vc_separator][vc_single_image image=&#8221;1823&#8243; img_size=&#8221;full&#8221; alignment=&#8221;center&#8221; style=&#8221;vc_box_shadow_border&#8221;][\/vc_column][vc_column width=&#8221;1\/2&#8243;][vc_empty_space][vc_custom_heading text=&#8221;Socio&#8221; google_fonts=&#8221;font_family:Lato%3A100%2C100italic%2C300%2C300italic%2Cregular%2Citalic%2C700%2C700italic%2C900%2C900italic|font_style:400%20regular%3A400%3Anormal&#8221;][vc_column_text]Graduado en Derecho por la Universidad de Barcelona (UB) Diplomado en Relaciones Laborales (UB) Postgraduado en Recursos Humanos por la Universidad Pompeu Fabra Con m\u00e1s de 25 a\u00f1os de experiencia en el asesoramiento legal a empresas y particulares, est\u00e1 especializado en Derecho laboral [&hellip;]\" \/>\n<meta property=\"og:url\" content=\"https:\/\/www.botiasgarcia.com\/abogados\/pages\/about-us\/david-dichos-marti\/\" \/>\n<meta property=\"og:site_name\" content=\"BotiasGarcia Abogados\" \/>\n<meta property=\"article:modified_time\" content=\"2024-05-13T10:16:56+00:00\" \/>\n<meta name=\"twitter:card\" content=\"summary_large_image\" \/>\n<meta name=\"twitter:label1\" content=\"Tiempo de lectura\" \/>\n\t<meta name=\"twitter:data1\" content=\"1 minuto\" \/>\n<script type=\"application\/ld+json\" class=\"yoast-schema-graph\">{\"@context\":\"https:\\\/\\\/schema.org\",\"@graph\":[{\"@type\":\"WebPage\",\"@id\":\"https:\\\/\\\/www.botiasgarcia.com\\\/abogados\\\/pages\\\/about-us\\\/david-dichos-marti\\\/\",\"url\":\"https:\\\/\\\/www.botiasgarcia.com\\\/abogados\\\/pages\\\/about-us\\\/david-dichos-marti\\\/\",\"name\":\"David Dich\u00f3s Mart\u00ed - BotiasGarcia Abogados\",\"isPartOf\":{\"@id\":\"https:\\\/\\\/www.botiasgarcia.com\\\/abogados\\\/#website\"},\"datePublished\":\"2024-05-08T09:44:11+00:00\",\"dateModified\":\"2024-05-13T10:16:56+00:00\",\"breadcrumb\":{\"@id\":\"https:\\\/\\\/www.botiasgarcia.com\\\/abogados\\\/pages\\\/about-us\\\/david-dichos-marti\\\/#breadcrumb\"},\"inLanguage\":\"es\",\"potentialAction\":[{\"@type\":\"ReadAction\",\"target\":[\"https:\\\/\\\/www.botiasgarcia.com\\\/abogados\\\/pages\\\/about-us\\\/david-dichos-marti\\\/\"]}]},{\"@type\":\"BreadcrumbList\",\"@id\":\"https:\\\/\\\/www.botiasgarcia.com\\\/abogados\\\/pages\\\/about-us\\\/david-dichos-marti\\\/#breadcrumb\",\"itemListElement\":[{\"@type\":\"ListItem\",\"position\":1,\"name\":\"Portada\",\"item\":\"https:\\\/\\\/www.botiasgarcia.com\\\/abogados\\\/\"},{\"@type\":\"ListItem\",\"position\":2,\"name\":\"Pages\",\"item\":\"https:\\\/\\\/www.botiasgarcia.com\\\/abogados\\\/pages\\\/\"},{\"@type\":\"ListItem\",\"position\":3,\"name\":\"Quienes somos\",\"item\":\"https:\\\/\\\/www.botiasgarcia.com\\\/abogados\\\/pages\\\/about-us\\\/\"},{\"@type\":\"ListItem\",\"position\":4,\"name\":\"David Dich\u00f3s Mart\u00ed\"}]},{\"@type\":\"WebSite\",\"@id\":\"https:\\\/\\\/www.botiasgarcia.com\\\/abogados\\\/#website\",\"url\":\"https:\\\/\\\/www.botiasgarcia.com\\\/abogados\\\/\",\"name\":\"BotiasGarcia Abogados\",\"description\":\"\",\"potentialAction\":[{\"@type\":\"SearchAction\",\"target\":{\"@type\":\"EntryPoint\",\"urlTemplate\":\"https:\\\/\\\/www.botiasgarcia.com\\\/abogados\\\/?s={search_term_string}\"},\"query-input\":{\"@type\":\"PropertyValueSpecification\",\"valueRequired\":true,\"valueName\":\"search_term_string\"}}],\"inLanguage\":\"es\"}]}<\/script>\n<!-- \/ Yoast SEO plugin. -->","yoast_head_json":{"title":"David Dich\u00f3s Mart\u00ed - BotiasGarcia Abogados","robots":{"index":"index","follow":"follow","max-snippet":"max-snippet:-1","max-image-preview":"max-image-preview:large","max-video-preview":"max-video-preview:-1"},"canonical":"https:\/\/www.botiasgarcia.com\/abogados\/pages\/about-us\/david-dichos-marti\/","og_locale":"es_ES","og_type":"article","og_title":"David Dich\u00f3s Mart\u00ed - BotiasGarcia Abogados","og_description":"[vc_row css_animation=&#8221;none&#8221; css=&#8221;.vc_custom_1714675665090{padding-bottom: 40px !important;}&#8221;][vc_column width=&#8221;1\/2&#8243;][vc_separator][vc_single_image image=&#8221;1823&#8243; img_size=&#8221;full&#8221; alignment=&#8221;center&#8221; style=&#8221;vc_box_shadow_border&#8221;][\/vc_column][vc_column width=&#8221;1\/2&#8243;][vc_empty_space][vc_custom_heading text=&#8221;Socio&#8221; google_fonts=&#8221;font_family:Lato%3A100%2C100italic%2C300%2C300italic%2Cregular%2Citalic%2C700%2C700italic%2C900%2C900italic|font_style:400%20regular%3A400%3Anormal&#8221;][vc_column_text]Graduado en Derecho por la Universidad de Barcelona (UB) Diplomado en Relaciones Laborales (UB) Postgraduado en Recursos Humanos por la Universidad Pompeu Fabra Con m\u00e1s de 25 a\u00f1os de experiencia en el asesoramiento legal a empresas y particulares, est\u00e1 especializado en Derecho laboral [&hellip;]","og_url":"https:\/\/www.botiasgarcia.com\/abogados\/pages\/about-us\/david-dichos-marti\/","og_site_name":"BotiasGarcia Abogados","article_modified_time":"2024-05-13T10:16:56+00:00","twitter_card":"summary_large_image","twitter_misc":{"Tiempo de lectura":"1 minuto"},"schema":{"@context":"https:\/\/schema.org","@graph":[{"@type":"WebPage","@id":"https:\/\/www.botiasgarcia.com\/abogados\/pages\/about-us\/david-dichos-marti\/","url":"https:\/\/www.botiasgarcia.com\/abogados\/pages\/about-us\/david-dichos-marti\/","name":"David Dich\u00f3s Mart\u00ed - BotiasGarcia Abogados","isPartOf":{"@id":"https:\/\/www.botiasgarcia.com\/abogados\/#website"},"datePublished":"2024-05-08T09:44:11+00:00","dateModified":"2024-05-13T10:16:56+00:00","breadcrumb":{"@id":"https:\/\/www.botiasgarcia.com\/abogados\/pages\/about-us\/david-dichos-marti\/#breadcrumb"},"inLanguage":"es","potentialAction":[{"@type":"ReadAction","target":["https:\/\/www.botiasgarcia.com\/abogados\/pages\/about-us\/david-dichos-marti\/"]}]},{"@type":"BreadcrumbList","@id":"https:\/\/www.botiasgarcia.com\/abogados\/pages\/about-us\/david-dichos-marti\/#breadcrumb","itemListElement":[{"@type":"ListItem","position":1,"name":"Portada","item":"https:\/\/www.botiasgarcia.com\/abogados\/"},{"@type":"ListItem","position":2,"name":"Pages","item":"https:\/\/www.botiasgarcia.com\/abogados\/pages\/"},{"@type":"ListItem","position":3,"name":"Quienes somos","item":"https:\/\/www.botiasgarcia.com\/abogados\/pages\/about-us\/"},{"@type":"ListItem","position":4,"name":"David Dich\u00f3s Mart\u00ed"}]},{"@type":"WebSite","@id":"https:\/\/www.botiasgarcia.com\/abogados\/#website","url":"https:\/\/www.botiasgarcia.com\/abogados\/","name":"BotiasGarcia Abogados","description":"","potentialAction":[{"@type":"SearchAction","target":{"@type":"EntryPoint","urlTemplate":"https:\/\/www.botiasgarcia.com\/abogados\/?s={search_term_string}"},"query-input":{"@type":"PropertyValueSpecification","valueRequired":true,"valueName":"search_term_string"}}],"inLanguage":"es"}]}},"_links":{"self":[{"href":"https:\/\/www.botiasgarcia.com\/abogados\/wp-json\/wp\/v2\/pages\/1824","targetHints":{"allow":["GET"]}}],"collection":[{"href":"https:\/\/www.botiasgarcia.com\/abogados\/wp-json\/wp\/v2\/pages"}],"about":[{"href":"https:\/\/www.botiasgarcia.com\/abogados\/wp-json\/wp\/v2\/types\/page"}],"author":[{"embeddable":true,"href":"https:\/\/www.botiasgarcia.com\/abogados\/wp-json\/wp\/v2\/users\/1"}],"replies":[{"embeddable":true,"href":"https:\/\/www.botiasgarcia.com\/abogados\/wp-json\/wp\/v2\/comments?post=1824"}],"version-history":[{"count":3,"href":"https:\/\/www.botiasgarcia.com\/abogados\/wp-json\/wp\/v2\/pages\/1824\/revisions"}],"predecessor-version":[{"id":1836,"href":"https:\/\/www.botiasgarcia.com\/abogados\/wp-json\/wp\/v2\/pages\/1824\/revisions\/1836"}],"up":[{"embeddable":true,"href":"https:\/\/www.botiasgarcia.com\/abogados\/wp-json\/wp\/v2\/pages\/164"}],"wp:attachment":[{"href":"https:\/\/www.botiasgarcia.com\/abogados\/wp-json\/wp\/v2\/media?parent=1824"}],"curies":[{"name":"wp","href":"https:\/\/api.w.org\/{rel}","templated":true}]}}