{"id":1289,"date":"2018-11-18T16:46:51","date_gmt":"2018-11-18T16:46:51","guid":{"rendered":"http:\/\/www.botiasgarcia.com\/abogados\/?page_id=1289"},"modified":"2024-05-02T18:47:55","modified_gmt":"2024-05-02T18:47:55","slug":"toni-botias-garcia","status":"publish","type":"page","link":"https:\/\/www.botiasgarcia.com\/abogados\/pages\/about-us\/toni-botias-garcia\/","title":{"rendered":"Toni Bot\u00edas Garc\u00eda"},"content":{"rendered":"<div class=\"wpb-content-wrapper\"><p>[vc_row css_animation=&#8221;none&#8221; css=&#8221;.vc_custom_1714675674088{padding-bottom: 40px !important;}&#8221;][vc_column width=&#8221;1\/2&#8243;][vc_separator][vc_single_image image=&#8221;1482&#8243; img_size=&#8221;500&#215;600&#8243; alignment=&#8221;center&#8221; style=&#8221;vc_box_shadow_border&#8221;][\/vc_column][vc_column width=&#8221;1\/2&#8243;][vc_empty_space][vc_custom_heading text=&#8221;Abogado. Socio fundador.&#8221; google_fonts=&#8221;font_family:Lato%3A100%2C100italic%2C300%2C300italic%2Cregular%2Citalic%2C700%2C700italic%2C900%2C900italic|font_style:400%20regular%3A400%3Anormal&#8221;][vc_column_text]Licenciado en Derecho por la Universidad de Barcelona (UB)<\/p>\n<p>Graduado Social por la Universidad de Barcelona (UB)<\/p>\n<p>Posgrado en Derecho Laboral y Seguridad Social (CEF)<\/p>\n<p>Colegiado en el Colegio de Abogados de Barcelona (2005)<\/p>\n<hr \/>\n<p><strong>Con m\u00e1s de 20 a\u00f1os de experiencia, cuenta con una dilatada experiencia en el \u00e1mbito de la negociaci\u00f3n y del asesoramiento jur\u00eddico \u00a0a empresas y particulares en procedimientos de Despido, E.R.E, Accidentes de Trabajo, Recargo de Prestaciones y\u00a0 en la reclamaci\u00f3n de Incapacidades ante el INSS as\u00ed como en cuestiones relacionadas con el derecho de familia e inmobiliario.\u00a0<\/strong>[\/vc_column_text][\/vc_column][\/vc_row]<\/p>\n<\/div>","protected":false},"excerpt":{"rendered":"<p>[vc_row css_animation=&#8221;none&#8221; css=&#8221;.vc_custom_1714675674088{padding-bottom: 40px !important;}&#8221;][vc_column width=&#8221;1\/2&#8243;][vc_separator][vc_single_image image=&#8221;1482&#8243; img_size=&#8221;500&#215;600&#8243; alignment=&#8221;center&#8221; style=&#8221;vc_box_shadow_border&#8221;][\/vc_column][vc_column width=&#8221;1\/2&#8243;][vc_empty_space][vc_custom_heading text=&#8221;Abogado. Socio fundador.&#8221; google_fonts=&#8221;font_family:Lato%3A100%2C100italic%2C300%2C300italic%2Cregular%2Citalic%2C700%2C700italic%2C900%2C900italic|font_style:400%20regular%3A400%3Anormal&#8221;][vc_column_text]Licenciado en Derecho por la Universidad de Barcelona (UB) Graduado Social por la Universidad de Barcelona (UB) Posgrado en Derecho Laboral y Seguridad Social (CEF) Colegiado en el Colegio de Abogados de Barcelona (2005) Con m\u00e1s de 20 a\u00f1os de experiencia, [&hellip;]<\/p>\n","protected":false},"author":1,"featured_media":0,"parent":164,"menu_order":1,"comment_status":"closed","ping_status":"closed","template":"","meta":{"_acf_changed":false,"footnotes":""},"class_list":["post-1289","page","type-page","status-publish","hentry"],"acf":[],"yoast_head":"<!-- This site is optimized with the Yoast SEO plugin v27.4 - https:\/\/yoast.com\/product\/yoast-seo-wordpress\/ -->\n<title>Toni Bot\u00edas Garc\u00eda - BotiasGarcia Abogados<\/title>\n<meta name=\"robots\" content=\"index, follow, max-snippet:-1, max-image-preview:large, max-video-preview:-1\" \/>\n<link rel=\"canonical\" href=\"https:\/\/www.botiasgarcia.com\/abogados\/pages\/about-us\/toni-botias-garcia\/\" \/>\n<meta property=\"og:locale\" content=\"es_ES\" \/>\n<meta property=\"og:type\" content=\"article\" \/>\n<meta property=\"og:title\" content=\"Toni Bot\u00edas Garc\u00eda - BotiasGarcia Abogados\" \/>\n<meta property=\"og:description\" content=\"[vc_row css_animation=&#8221;none&#8221; css=&#8221;.vc_custom_1714675674088{padding-bottom: 40px !important;}&#8221;][vc_column width=&#8221;1\/2&#8243;][vc_separator][vc_single_image image=&#8221;1482&#8243; img_size=&#8221;500&#215;600&#8243; alignment=&#8221;center&#8221; style=&#8221;vc_box_shadow_border&#8221;][\/vc_column][vc_column width=&#8221;1\/2&#8243;][vc_empty_space][vc_custom_heading text=&#8221;Abogado. Socio fundador.&#8221; google_fonts=&#8221;font_family:Lato%3A100%2C100italic%2C300%2C300italic%2Cregular%2Citalic%2C700%2C700italic%2C900%2C900italic|font_style:400%20regular%3A400%3Anormal&#8221;][vc_column_text]Licenciado en Derecho por la Universidad de Barcelona (UB) Graduado Social por la Universidad de Barcelona (UB) Posgrado en Derecho Laboral y Seguridad Social (CEF) Colegiado en el Colegio de Abogados de Barcelona (2005) Con m\u00e1s de 20 a\u00f1os de experiencia, [&hellip;]\" \/>\n<meta property=\"og:url\" content=\"https:\/\/www.botiasgarcia.com\/abogados\/pages\/about-us\/toni-botias-garcia\/\" \/>\n<meta property=\"og:site_name\" content=\"BotiasGarcia Abogados\" \/>\n<meta property=\"article:modified_time\" content=\"2024-05-02T18:47:55+00:00\" \/>\n<meta name=\"twitter:card\" content=\"summary_large_image\" \/>\n<meta name=\"twitter:label1\" content=\"Tiempo de lectura\" \/>\n\t<meta name=\"twitter:data1\" content=\"1 minuto\" \/>\n<script type=\"application\/ld+json\" class=\"yoast-schema-graph\">{\"@context\":\"https:\\\/\\\/schema.org\",\"@graph\":[{\"@type\":\"WebPage\",\"@id\":\"https:\\\/\\\/www.botiasgarcia.com\\\/abogados\\\/pages\\\/about-us\\\/toni-botias-garcia\\\/\",\"url\":\"https:\\\/\\\/www.botiasgarcia.com\\\/abogados\\\/pages\\\/about-us\\\/toni-botias-garcia\\\/\",\"name\":\"Toni Bot\u00edas Garc\u00eda - BotiasGarcia Abogados\",\"isPartOf\":{\"@id\":\"https:\\\/\\\/www.botiasgarcia.com\\\/abogados\\\/#website\"},\"datePublished\":\"2018-11-18T16:46:51+00:00\",\"dateModified\":\"2024-05-02T18:47:55+00:00\",\"breadcrumb\":{\"@id\":\"https:\\\/\\\/www.botiasgarcia.com\\\/abogados\\\/pages\\\/about-us\\\/toni-botias-garcia\\\/#breadcrumb\"},\"inLanguage\":\"es\",\"potentialAction\":[{\"@type\":\"ReadAction\",\"target\":[\"https:\\\/\\\/www.botiasgarcia.com\\\/abogados\\\/pages\\\/about-us\\\/toni-botias-garcia\\\/\"]}]},{\"@type\":\"BreadcrumbList\",\"@id\":\"https:\\\/\\\/www.botiasgarcia.com\\\/abogados\\\/pages\\\/about-us\\\/toni-botias-garcia\\\/#breadcrumb\",\"itemListElement\":[{\"@type\":\"ListItem\",\"position\":1,\"name\":\"Portada\",\"item\":\"https:\\\/\\\/www.botiasgarcia.com\\\/abogados\\\/\"},{\"@type\":\"ListItem\",\"position\":2,\"name\":\"Pages\",\"item\":\"https:\\\/\\\/www.botiasgarcia.com\\\/abogados\\\/pages\\\/\"},{\"@type\":\"ListItem\",\"position\":3,\"name\":\"Quienes somos\",\"item\":\"https:\\\/\\\/www.botiasgarcia.com\\\/abogados\\\/pages\\\/about-us\\\/\"},{\"@type\":\"ListItem\",\"position\":4,\"name\":\"Toni Bot\u00edas Garc\u00eda\"}]},{\"@type\":\"WebSite\",\"@id\":\"https:\\\/\\\/www.botiasgarcia.com\\\/abogados\\\/#website\",\"url\":\"https:\\\/\\\/www.botiasgarcia.com\\\/abogados\\\/\",\"name\":\"BotiasGarcia Abogados\",\"description\":\"\",\"potentialAction\":[{\"@type\":\"SearchAction\",\"target\":{\"@type\":\"EntryPoint\",\"urlTemplate\":\"https:\\\/\\\/www.botiasgarcia.com\\\/abogados\\\/?s={search_term_string}\"},\"query-input\":{\"@type\":\"PropertyValueSpecification\",\"valueRequired\":true,\"valueName\":\"search_term_string\"}}],\"inLanguage\":\"es\"}]}<\/script>\n<!-- \/ Yoast SEO plugin. -->","yoast_head_json":{"title":"Toni Bot\u00edas Garc\u00eda - BotiasGarcia Abogados","robots":{"index":"index","follow":"follow","max-snippet":"max-snippet:-1","max-image-preview":"max-image-preview:large","max-video-preview":"max-video-preview:-1"},"canonical":"https:\/\/www.botiasgarcia.com\/abogados\/pages\/about-us\/toni-botias-garcia\/","og_locale":"es_ES","og_type":"article","og_title":"Toni Bot\u00edas Garc\u00eda - BotiasGarcia Abogados","og_description":"[vc_row css_animation=&#8221;none&#8221; css=&#8221;.vc_custom_1714675674088{padding-bottom: 40px !important;}&#8221;][vc_column width=&#8221;1\/2&#8243;][vc_separator][vc_single_image image=&#8221;1482&#8243; img_size=&#8221;500&#215;600&#8243; alignment=&#8221;center&#8221; style=&#8221;vc_box_shadow_border&#8221;][\/vc_column][vc_column width=&#8221;1\/2&#8243;][vc_empty_space][vc_custom_heading text=&#8221;Abogado. Socio fundador.&#8221; google_fonts=&#8221;font_family:Lato%3A100%2C100italic%2C300%2C300italic%2Cregular%2Citalic%2C700%2C700italic%2C900%2C900italic|font_style:400%20regular%3A400%3Anormal&#8221;][vc_column_text]Licenciado en Derecho por la Universidad de Barcelona (UB) Graduado Social por la Universidad de Barcelona (UB) Posgrado en Derecho Laboral y Seguridad Social (CEF) Colegiado en el Colegio de Abogados de Barcelona (2005) Con m\u00e1s de 20 a\u00f1os de experiencia, [&hellip;]","og_url":"https:\/\/www.botiasgarcia.com\/abogados\/pages\/about-us\/toni-botias-garcia\/","og_site_name":"BotiasGarcia Abogados","article_modified_time":"2024-05-02T18:47:55+00:00","twitter_card":"summary_large_image","twitter_misc":{"Tiempo de lectura":"1 minuto"},"schema":{"@context":"https:\/\/schema.org","@graph":[{"@type":"WebPage","@id":"https:\/\/www.botiasgarcia.com\/abogados\/pages\/about-us\/toni-botias-garcia\/","url":"https:\/\/www.botiasgarcia.com\/abogados\/pages\/about-us\/toni-botias-garcia\/","name":"Toni Bot\u00edas Garc\u00eda - BotiasGarcia Abogados","isPartOf":{"@id":"https:\/\/www.botiasgarcia.com\/abogados\/#website"},"datePublished":"2018-11-18T16:46:51+00:00","dateModified":"2024-05-02T18:47:55+00:00","breadcrumb":{"@id":"https:\/\/www.botiasgarcia.com\/abogados\/pages\/about-us\/toni-botias-garcia\/#breadcrumb"},"inLanguage":"es","potentialAction":[{"@type":"ReadAction","target":["https:\/\/www.botiasgarcia.com\/abogados\/pages\/about-us\/toni-botias-garcia\/"]}]},{"@type":"BreadcrumbList","@id":"https:\/\/www.botiasgarcia.com\/abogados\/pages\/about-us\/toni-botias-garcia\/#breadcrumb","itemListElement":[{"@type":"ListItem","position":1,"name":"Portada","item":"https:\/\/www.botiasgarcia.com\/abogados\/"},{"@type":"ListItem","position":2,"name":"Pages","item":"https:\/\/www.botiasgarcia.com\/abogados\/pages\/"},{"@type":"ListItem","position":3,"name":"Quienes somos","item":"https:\/\/www.botiasgarcia.com\/abogados\/pages\/about-us\/"},{"@type":"ListItem","position":4,"name":"Toni Bot\u00edas Garc\u00eda"}]},{"@type":"WebSite","@id":"https:\/\/www.botiasgarcia.com\/abogados\/#website","url":"https:\/\/www.botiasgarcia.com\/abogados\/","name":"BotiasGarcia Abogados","description":"","potentialAction":[{"@type":"SearchAction","target":{"@type":"EntryPoint","urlTemplate":"https:\/\/www.botiasgarcia.com\/abogados\/?s={search_term_string}"},"query-input":{"@type":"PropertyValueSpecification","valueRequired":true,"valueName":"search_term_string"}}],"inLanguage":"es"}]}},"_links":{"self":[{"href":"https:\/\/www.botiasgarcia.com\/abogados\/wp-json\/wp\/v2\/pages\/1289","targetHints":{"allow":["GET"]}}],"collection":[{"href":"https:\/\/www.botiasgarcia.com\/abogados\/wp-json\/wp\/v2\/pages"}],"about":[{"href":"https:\/\/www.botiasgarcia.com\/abogados\/wp-json\/wp\/v2\/types\/page"}],"author":[{"embeddable":true,"href":"https:\/\/www.botiasgarcia.com\/abogados\/wp-json\/wp\/v2\/users\/1"}],"replies":[{"embeddable":true,"href":"https:\/\/www.botiasgarcia.com\/abogados\/wp-json\/wp\/v2\/comments?post=1289"}],"version-history":[{"count":17,"href":"https:\/\/www.botiasgarcia.com\/abogados\/wp-json\/wp\/v2\/pages\/1289\/revisions"}],"predecessor-version":[{"id":1809,"href":"https:\/\/www.botiasgarcia.com\/abogados\/wp-json\/wp\/v2\/pages\/1289\/revisions\/1809"}],"up":[{"embeddable":true,"href":"https:\/\/www.botiasgarcia.com\/abogados\/wp-json\/wp\/v2\/pages\/164"}],"wp:attachment":[{"href":"https:\/\/www.botiasgarcia.com\/abogados\/wp-json\/wp\/v2\/media?parent=1289"}],"curies":[{"name":"wp","href":"https:\/\/api.w.org\/{rel}","templated":true}]}}