{"id":1282,"date":"2018-11-02T22:24:38","date_gmt":"2018-11-02T22:24:38","guid":{"rendered":"http:\/\/www.botiasgarcia.com\/abogados\/politica-de-cookies\/"},"modified":"2025-07-23T16:55:15","modified_gmt":"2025-07-23T16:55:15","slug":"politica-de-cookies","status":"publish","type":"page","link":"https:\/\/www.botiasgarcia.com\/abogados\/politica-de-cookies\/","title":{"rendered":"Pol\u00edtica de Cookies"},"content":{"rendered":"<div class=\"wpb-content-wrapper\"><p>[vc_row][vc_column][vc_column_text]<\/p>\n<p>Nuestro sitio web botiasgarcia.com utiliza una tecnolog\u00eda llamada \u2018cookie\u2019, con el fin de poder obtener informaci\u00f3n sobre el uso del sitio web, mejorar la experiencia del usuario y garantizar el correcto funcionamiento.<\/p>\n<p><strong>Definici\u00f3n de Cookie<\/strong><br \/>\nUna \u2018cookie\u2019 es un peque\u00f1o fragmento de texto que los sitios web env\u00edan al navegador y que se almacenan en el terminal del usuario, (ordenador o dispositivo m\u00f3vil). Estos archivos tienen la finalidad de almacenar datos que podr\u00e1n ser actualizados y recuperadas por la entidad responsable de su instalaci\u00f3n. As\u00ed, cada vez que el usuario vuelve a visitar el mismo sitio web, el explorador recupera el archivo y lo env\u00eda al servidor del sitio web. Las cookies tienen varias funciones entre las que se incluyen, la de recoger informaci\u00f3n sobre las preferencias del usuario y recordarla, y en general, facilitar el uso del sitio web al usuario haciendo que el sitio sea m\u00e1s \u00fatil al personalizar su contenido.<\/p>\n<p><strong>Las cookies se pueden clasificar en base a diferentes par\u00e1metros:<\/strong><br \/>\n<strong>Titularidad:<\/strong>\u00a0cookies propias y cookies de terceros: dependiendo de cu\u00e1l sea la entidad que gestione el dominio desde donde se env\u00edan las cookies y se traten los datos que se obtengan.<br \/>\n<strong>Duraci\u00f3n<\/strong>: cookies de sesi\u00f3n y cookies persistentes: de acuerdo con el plazo de tiempo que permanecen almacenadas en el terminal del usuario.<br \/>\n<strong>Finalidad<\/strong>: de acuerdo con la finalidad para la que se traten los datos obtenidos.<br \/>\nCookies t\u00e9cnicas: son aquellas que permiten al usuario la navegaci\u00f3n a trav\u00e9s de la p\u00e1gina web o aplicaci\u00f3n y la utilizaci\u00f3n de las diferentes opciones o servicios que en ella existen. Por ejemplo, controlar el tr\u00e1fico y la comunicaci\u00f3n de datos, identificar la sesi\u00f3n o acceder a las partes web de acceso restringido.<br \/>\nCookies de preferencias o personalizaci\u00f3n: Son aquellas que permiten recordar informaci\u00f3n para que el usuario acceda al servicio con determinadas caracter\u00edsticas que pueden diferenciar su experiencia de la de otros usuarios, como, por ejemplo, el idioma, el n\u00famero de resultados a mostrar cuando el usuario realiza una b\u00fasqueda, el aspecto o contenido del servicio en funci\u00f3n del tipo de navegador a trav\u00e9s del cual el usuario accede al servicio o de la regi\u00f3n desde la que accede al servicio, etc.<br \/>\nCookies de an\u00e1lisis o medici\u00f3n: Son aquellas que permiten a su responsable el seguimiento y el an\u00e1lisis del comportamiento de los usuarios de los sitios web a los que est\u00e1n vinculadas, incluida la cuantificaci\u00f3n de los impactos de los anuncios. La informaci\u00f3n recogida mediante este tipo de cookies se utiliza en la medici\u00f3n de la actividad de los sitios web, aplicaci\u00f3n o plataforma, con el fin de introducir mejoras en funci\u00f3n del an\u00e1lisis de los datos de uso que hacen los usuarios del servicio.<br \/>\nCookies de publicidad comportamental: Son aquellas que almacenan informaci\u00f3n del comportamiento de los usuarios obtenida a trav\u00e9s de la observaci\u00f3n continuada de sus h\u00e1bitos de navegaci\u00f3n, lo que permite desarrollar un perfil espec\u00edfico para mostrar publicidad en funci\u00f3n de este perfil.<\/p>\n<p><strong>Cookies utilizadas en nuestro sitio web<\/strong><br \/>\nNuestro sitio web utiliza tanto cookies propias, que son las enviadas a su dispositivo y gestionadas exclusivamente por nosotros para el mejor funcionamiento del sitio web, como cookies de terceros, con la funci\u00f3n de servirnos como herramienta de an\u00e1lisis de la interacci\u00f3n los usuarios con nuestra web, gracias a ellas obtenemos una informaci\u00f3n que puede ayudar a mejorar la navegaci\u00f3n y dar un mejor servicio a los usuarios.<br \/>\nUtilizamos tanto cookies temporales de sesi\u00f3n como cookies persistentes. Las cookies de sesi\u00f3n almacenan datos \u00fanicamente mientras el usuario accede a la web y las cookies persistentes almacenan los datos en el terminal para que sean accedidas y utilizadas en m\u00e1s de una sesi\u00f3n.<br \/>\nConcretamente las cookies utilizadas en nuestro sitio web son:<\/p>\n<p><strong>Cookies propias:<\/strong><br \/>\nLas cookies propias que utilizamos en nuestro sitio web son de car\u00e1cter t\u00e9cnico, fundamentales para el funcionamiento de la web.<\/p>\n<table style=\"font-size:12px; border-collapse: collapse; width: 100%;\">\n<thead>\n<tr>\n<th style=\"border: 1px solid #ccc; padding: 6px;\">Nombre de la cookie<\/th>\n<th style=\"border: 1px solid #ccc; padding: 6px;\">Tipo<\/th>\n<th style=\"border: 1px solid #ccc; padding: 6px;\">Finalidad<\/th>\n<th style=\"border: 1px solid #ccc; padding: 6px;\">Duraci\u00f3n<\/th>\n<th style=\"border: 1px solid #ccc; padding: 6px;\">Titular<\/th>\n<\/tr>\n<\/thead>\n<tbody>\n<tr>\n<td style=\"border: 1px solid #ccc; padding: 6px;\">PHPSESSID<\/td>\n<td style=\"border: 1px solid #ccc; padding: 6px;\">Cookie propia<\/td>\n<td style=\"border: 1px solid #ccc; padding: 6px;\">Mantiene la sesi\u00f3n del usuario durante su visita<\/td>\n<td style=\"border: 1px solid #ccc; padding: 6px;\">Sesi\u00f3n<\/td>\n<td style=\"border: 1px solid #ccc; padding: 6px;\">botiasgarcia.com<\/td>\n<\/tr>\n<tr>\n<td style=\"border: 1px solid #ccc; padding: 6px;\">cookieyes-consent<\/td>\n<td style=\"border: 1px solid #ccc; padding: 6px;\">Cookie propia<\/td>\n<td style=\"border: 1px solid #ccc; padding: 6px;\">Almacena las preferencias de aceptaci\u00f3n de cookies<\/td>\n<td style=\"border: 1px solid #ccc; padding: 6px;\">1 a\u00f1o<\/td>\n<td style=\"border: 1px solid #ccc; padding: 6px;\">Plugin CookieYes<\/td>\n<\/tr>\n<tr>\n<td style=\"border: 1px solid #ccc; padding: 6px;\">wpcf7_*<\/td>\n<td style=\"border: 1px solid #ccc; padding: 6px;\">Cookie propia<\/td>\n<td style=\"border: 1px solid #ccc; padding: 6px;\">Garantiza el correcto funcionamiento de los formularios (Contact Form 7)<\/td>\n<td style=\"border: 1px solid #ccc; padding: 6px;\">Sesi\u00f3n<\/td>\n<td style=\"border: 1px solid #ccc; padding: 6px;\">botiasgarcia.com<\/td>\n<\/tr>\n<tr>\n<td style=\"border: 1px solid #ccc; padding: 6px;\">wp-settings-*, wp-*<\/td>\n<td style=\"border: 1px solid #ccc; padding: 6px;\">Cookie propia<\/td>\n<td style=\"border: 1px solid #ccc; padding: 6px;\">Gestiona preferencias de usuario autenticado (admin)<\/td>\n<td style=\"border: 1px solid #ccc; padding: 6px;\">Sesi\u00f3n<\/td>\n<td style=\"border: 1px solid #ccc; padding: 6px;\">WordPress<\/td>\n<\/tr>\n<\/tbody>\n<\/table>\n<p><strong>Cookies de terceros:<\/strong><\/p>\n<table style=\"font-size:12px; border-collapse: collapse; width: 100%;\">\n<thead>\n<tr>\n<th style=\"border: 1px solid #ccc; padding: 6px;\">Nombre de la cookie<\/th>\n<th style=\"border: 1px solid #ccc; padding: 6px;\">Tipo<\/th>\n<th style=\"border: 1px solid #ccc; padding: 6px;\">Finalidad<\/th>\n<th style=\"border: 1px solid #ccc; padding: 6px;\">Duraci\u00f3n<\/th>\n<th style=\"border: 1px solid #ccc; padding: 6px;\">Titular<\/th>\n<\/tr>\n<\/thead>\n<tbody>\n<tr>\n<td style=\"border: 1px solid #ccc; padding: 6px;\">_ga<\/td>\n<td style=\"border: 1px solid #ccc; padding: 6px;\">Cookie de terceros<\/td>\n<td style=\"border: 1px solid #ccc; padding: 6px;\">Distingue usuarios \u00fanicos en Google Analytics<\/td>\n<td style=\"border: 1px solid #ccc; padding: 6px;\">2 a\u00f1os<\/td>\n<td style=\"border: 1px solid #ccc; padding: 6px;\">Google<\/td>\n<\/tr>\n<tr>\n<td style=\"border: 1px solid #ccc; padding: 6px;\">_gid<\/td>\n<td style=\"border: 1px solid #ccc; padding: 6px;\">Cookie de terceros<\/td>\n<td style=\"border: 1px solid #ccc; padding: 6px;\">Registra ID \u00fanica para generar estad\u00edsticas de uso<\/td>\n<td style=\"border: 1px solid #ccc; padding: 6px;\">24 horas<\/td>\n<td style=\"border: 1px solid #ccc; padding: 6px;\">Google<\/td>\n<\/tr>\n<tr>\n<td style=\"border: 1px solid #ccc; padding: 6px;\">_gat<\/td>\n<td style=\"border: 1px solid #ccc; padding: 6px;\">Cookie de terceros<\/td>\n<td style=\"border: 1px solid #ccc; padding: 6px;\">Limita el porcentaje de solicitudes<\/td>\n<td style=\"border: 1px solid #ccc; padding: 6px;\">1 minuto<\/td>\n<td style=\"border: 1px solid #ccc; padding: 6px;\">Google<\/td>\n<\/tr>\n<\/tbody>\n<\/table>\n<p><strong>Consentimiento<\/strong><br \/>\nEl consentimiento para el uso de las cookies antes enunciadas, por los plazos se\u00f1alados y en las condiciones contenidas en la presente Pol\u00edtica de Cookies, se obtendr\u00e1 con la aceptaci\u00f3n del aviso inicial de informaci\u00f3n sobre las cookies que se visualiza en el momento en qu\u00e8 carga nuestra web.<br \/>\nAsimismo, le informamos de que si usted consulta contenidos en nuestra web alojados en webs de terceros, estos tienen su propia pol\u00edtica de cookies.<\/p>\n<p><strong>Retirada del consentimiento<\/strong><br \/>\nEl usuario puede retirar su consentimiento para el uso de cookies en cualquier momento. Para ello, puede usar el bot\u00f3n de la web que haya a tal efecto o eliminar las cookies de su navegador.<\/p>\n<p><strong>Modificaci\u00f3n de la configuraci\u00f3n de las cookies<\/strong><br \/>\nEl usuario puede restringir, bloquear o borrar las cookies de cualquier sitio web, utilizando su navegador. En cada navegador la operativa es diferente, por lo que puede consultar los siguientes enlaces la forma de hacerlo<br \/>\nInternet Explorer:\u00a0<a href=\"https:\/\/support.microsoft.com\/es-es\/help\/17442\/windows-internet-explorer-delete-manage-cookies#ie=ie-11\">https:\/\/support.microsoft.com\/es-es\/help\/17442\/windows-internet-explorer-delete-manage-cookies#ie=ie-11<\/a><br \/>\nEdge:\u00a0<a href=\"https:\/\/support.microsoft.com\/es-es\/help\/4468242\/microsoft-edge-browsing-data-and-privacy-microsoft-privac\">https:\/\/support.microsoft.com\/es-es\/help\/4468242\/microsoft-edge-browsing-data-and-privacy-microsoft-privac<\/a><br \/>\nFireFox:\u00a0<a href=\"https:\/\/support.mozilla.org\/es\/kb\/clear-cookies-and-site-data-firefo\">https:\/\/support.mozilla.org\/es\/kb\/clear-cookies-and-site-data-firefo<\/a><br \/>\nChrome:\u00a0<a href=\"https:\/\/support.google.com\/chrome\/answer\/95647?hl=es\">https:\/\/support.google.com\/chrome\/answer\/95647?hl=es<\/a><br \/>\nSafari (mac):\u00a0<a href=\"https:\/\/support.apple.com\/es-es\/guide\/safari\/manage-cookies-and-website-data-sfri11471\/mac\">https:\/\/support.apple.com\/es-es\/guide\/safari\/manage-cookies-and-website-data-sfri11471\/mac<\/a><br \/>\nSafari (iPhone\/iPad):\u00a0<a href=\"https:\/\/support.apple.com\/es-es\/HT201265\">https:\/\/support.apple.com\/es-es\/HT201265<\/a><br \/>\nOpera:\u00a0<a href=\"https:\/\/help.opera.com\/en\/latest\/web-preferences\/#cookie\">https:\/\/help.opera.com\/en\/latest\/web-preferences\/#cookie<\/a><br \/>\nPara obtener m\u00e1s informaci\u00f3n sobre la eliminaci\u00f3n, deshabilitaci\u00f3n o bloqueo de las cookies tambi\u00e9n puede visitar:<br \/>\n<a href=\"https:\/\/www.aboutcookies.org\/how-to-manage-and-delete-cookies\">https:\/\/www.aboutcookies.org\/how-to-manage-and-delete-cookies<\/a><\/p>\n<p><strong>Actualizaci\u00f3n de la pol\u00edtica de cookies<\/strong><br \/>\nEste sitio web puede modificar esta Pol\u00edtica sobre Cookies, por ello le recomendamos revisar esta pol\u00edtica cada vez que acceda a nuestro sitio web para estar adecuadamente informado sobre el uso que hacemos de las cookies.<br \/>\n\u00daltima actualizaci\u00f3n: 30\/07\/2024.<\/p>\n<p class=\"p4\"><span class=\"s1\">\u00a0<\/span><\/p>\n<p>[\/vc_column_text][\/vc_column][\/vc_row]<\/p>\n<\/div>","protected":false},"excerpt":{"rendered":"<p>[vc_row][vc_column][vc_column_text] Nuestro sitio web botiasgarcia.com utiliza una tecnolog\u00eda llamada \u2018cookie\u2019, con el fin de poder obtener informaci\u00f3n sobre el uso del sitio web, mejorar la experiencia del usuario y garantizar el correcto funcionamiento. Definici\u00f3n de Cookie Una \u2018cookie\u2019 es un peque\u00f1o fragmento de texto que los sitios web env\u00edan al navegador y que se almacenan [&hellip;]<\/p>\n","protected":false},"author":1,"featured_media":0,"parent":0,"menu_order":0,"comment_status":"closed","ping_status":"closed","template":"","meta":{"_acf_changed":false,"footnotes":""},"class_list":["post-1282","page","type-page","status-publish","hentry"],"acf":[],"yoast_head":"<!-- This site is optimized with the Yoast SEO plugin v27.4 - https:\/\/yoast.com\/product\/yoast-seo-wordpress\/ -->\n<title>Pol\u00edtica de Cookies - BotiasGarcia Abogados<\/title>\n<meta name=\"robots\" content=\"index, follow, max-snippet:-1, max-image-preview:large, max-video-preview:-1\" \/>\n<link rel=\"canonical\" href=\"https:\/\/www.botiasgarcia.com\/abogados\/politica-de-cookies\/\" \/>\n<meta property=\"og:locale\" content=\"es_ES\" \/>\n<meta property=\"og:type\" content=\"article\" \/>\n<meta property=\"og:title\" content=\"Pol\u00edtica de Cookies - BotiasGarcia Abogados\" \/>\n<meta property=\"og:description\" content=\"[vc_row][vc_column][vc_column_text] Nuestro sitio web botiasgarcia.com utiliza una tecnolog\u00eda llamada \u2018cookie\u2019, con el fin de poder obtener informaci\u00f3n sobre el uso del sitio web, mejorar la experiencia del usuario y garantizar el correcto funcionamiento. Definici\u00f3n de Cookie Una \u2018cookie\u2019 es un peque\u00f1o fragmento de texto que los sitios web env\u00edan al navegador y que se almacenan [&hellip;]\" \/>\n<meta property=\"og:url\" content=\"https:\/\/www.botiasgarcia.com\/abogados\/politica-de-cookies\/\" \/>\n<meta property=\"og:site_name\" content=\"BotiasGarcia Abogados\" \/>\n<meta property=\"article:modified_time\" content=\"2025-07-23T16:55:15+00:00\" \/>\n<meta name=\"twitter:card\" content=\"summary_large_image\" \/>\n<meta name=\"twitter:label1\" content=\"Tiempo de lectura\" \/>\n\t<meta name=\"twitter:data1\" content=\"5 minutos\" \/>\n<script type=\"application\/ld+json\" class=\"yoast-schema-graph\">{\"@context\":\"https:\\\/\\\/schema.org\",\"@graph\":[{\"@type\":\"WebPage\",\"@id\":\"https:\\\/\\\/www.botiasgarcia.com\\\/abogados\\\/politica-de-cookies\\\/\",\"url\":\"https:\\\/\\\/www.botiasgarcia.com\\\/abogados\\\/politica-de-cookies\\\/\",\"name\":\"Pol\u00edtica de Cookies - BotiasGarcia Abogados\",\"isPartOf\":{\"@id\":\"https:\\\/\\\/www.botiasgarcia.com\\\/abogados\\\/#website\"},\"datePublished\":\"2018-11-02T22:24:38+00:00\",\"dateModified\":\"2025-07-23T16:55:15+00:00\",\"breadcrumb\":{\"@id\":\"https:\\\/\\\/www.botiasgarcia.com\\\/abogados\\\/politica-de-cookies\\\/#breadcrumb\"},\"inLanguage\":\"es\",\"potentialAction\":[{\"@type\":\"ReadAction\",\"target\":[\"https:\\\/\\\/www.botiasgarcia.com\\\/abogados\\\/politica-de-cookies\\\/\"]}]},{\"@type\":\"BreadcrumbList\",\"@id\":\"https:\\\/\\\/www.botiasgarcia.com\\\/abogados\\\/politica-de-cookies\\\/#breadcrumb\",\"itemListElement\":[{\"@type\":\"ListItem\",\"position\":1,\"name\":\"Portada\",\"item\":\"https:\\\/\\\/www.botiasgarcia.com\\\/abogados\\\/\"},{\"@type\":\"ListItem\",\"position\":2,\"name\":\"Pol\u00edtica de Cookies\"}]},{\"@type\":\"WebSite\",\"@id\":\"https:\\\/\\\/www.botiasgarcia.com\\\/abogados\\\/#website\",\"url\":\"https:\\\/\\\/www.botiasgarcia.com\\\/abogados\\\/\",\"name\":\"BotiasGarcia Abogados\",\"description\":\"\",\"potentialAction\":[{\"@type\":\"SearchAction\",\"target\":{\"@type\":\"EntryPoint\",\"urlTemplate\":\"https:\\\/\\\/www.botiasgarcia.com\\\/abogados\\\/?s={search_term_string}\"},\"query-input\":{\"@type\":\"PropertyValueSpecification\",\"valueRequired\":true,\"valueName\":\"search_term_string\"}}],\"inLanguage\":\"es\"}]}<\/script>\n<!-- \/ Yoast SEO plugin. -->","yoast_head_json":{"title":"Pol\u00edtica de Cookies - BotiasGarcia Abogados","robots":{"index":"index","follow":"follow","max-snippet":"max-snippet:-1","max-image-preview":"max-image-preview:large","max-video-preview":"max-video-preview:-1"},"canonical":"https:\/\/www.botiasgarcia.com\/abogados\/politica-de-cookies\/","og_locale":"es_ES","og_type":"article","og_title":"Pol\u00edtica de Cookies - BotiasGarcia Abogados","og_description":"[vc_row][vc_column][vc_column_text] Nuestro sitio web botiasgarcia.com utiliza una tecnolog\u00eda llamada \u2018cookie\u2019, con el fin de poder obtener informaci\u00f3n sobre el uso del sitio web, mejorar la experiencia del usuario y garantizar el correcto funcionamiento. Definici\u00f3n de Cookie Una \u2018cookie\u2019 es un peque\u00f1o fragmento de texto que los sitios web env\u00edan al navegador y que se almacenan [&hellip;]","og_url":"https:\/\/www.botiasgarcia.com\/abogados\/politica-de-cookies\/","og_site_name":"BotiasGarcia Abogados","article_modified_time":"2025-07-23T16:55:15+00:00","twitter_card":"summary_large_image","twitter_misc":{"Tiempo de lectura":"5 minutos"},"schema":{"@context":"https:\/\/schema.org","@graph":[{"@type":"WebPage","@id":"https:\/\/www.botiasgarcia.com\/abogados\/politica-de-cookies\/","url":"https:\/\/www.botiasgarcia.com\/abogados\/politica-de-cookies\/","name":"Pol\u00edtica de Cookies - BotiasGarcia Abogados","isPartOf":{"@id":"https:\/\/www.botiasgarcia.com\/abogados\/#website"},"datePublished":"2018-11-02T22:24:38+00:00","dateModified":"2025-07-23T16:55:15+00:00","breadcrumb":{"@id":"https:\/\/www.botiasgarcia.com\/abogados\/politica-de-cookies\/#breadcrumb"},"inLanguage":"es","potentialAction":[{"@type":"ReadAction","target":["https:\/\/www.botiasgarcia.com\/abogados\/politica-de-cookies\/"]}]},{"@type":"BreadcrumbList","@id":"https:\/\/www.botiasgarcia.com\/abogados\/politica-de-cookies\/#breadcrumb","itemListElement":[{"@type":"ListItem","position":1,"name":"Portada","item":"https:\/\/www.botiasgarcia.com\/abogados\/"},{"@type":"ListItem","position":2,"name":"Pol\u00edtica de Cookies"}]},{"@type":"WebSite","@id":"https:\/\/www.botiasgarcia.com\/abogados\/#website","url":"https:\/\/www.botiasgarcia.com\/abogados\/","name":"BotiasGarcia Abogados","description":"","potentialAction":[{"@type":"SearchAction","target":{"@type":"EntryPoint","urlTemplate":"https:\/\/www.botiasgarcia.com\/abogados\/?s={search_term_string}"},"query-input":{"@type":"PropertyValueSpecification","valueRequired":true,"valueName":"search_term_string"}}],"inLanguage":"es"}]}},"_links":{"self":[{"href":"https:\/\/www.botiasgarcia.com\/abogados\/wp-json\/wp\/v2\/pages\/1282","targetHints":{"allow":["GET"]}}],"collection":[{"href":"https:\/\/www.botiasgarcia.com\/abogados\/wp-json\/wp\/v2\/pages"}],"about":[{"href":"https:\/\/www.botiasgarcia.com\/abogados\/wp-json\/wp\/v2\/types\/page"}],"author":[{"embeddable":true,"href":"https:\/\/www.botiasgarcia.com\/abogados\/wp-json\/wp\/v2\/users\/1"}],"replies":[{"embeddable":true,"href":"https:\/\/www.botiasgarcia.com\/abogados\/wp-json\/wp\/v2\/comments?post=1282"}],"version-history":[{"count":5,"href":"https:\/\/www.botiasgarcia.com\/abogados\/wp-json\/wp\/v2\/pages\/1282\/revisions"}],"predecessor-version":[{"id":1935,"href":"https:\/\/www.botiasgarcia.com\/abogados\/wp-json\/wp\/v2\/pages\/1282\/revisions\/1935"}],"wp:attachment":[{"href":"https:\/\/www.botiasgarcia.com\/abogados\/wp-json\/wp\/v2\/media?parent=1282"}],"curies":[{"name":"wp","href":"https:\/\/api.w.org\/{rel}","templated":true}]}}