{"id":1143,"date":"2018-10-07T15:28:53","date_gmt":"2018-10-07T15:28:53","guid":{"rendered":"http:\/\/www.botiasgarcia.com\/abogados\/?page_id=1143"},"modified":"2024-05-02T18:21:48","modified_gmt":"2024-05-02T18:21:48","slug":"empresa","status":"publish","type":"page","link":"https:\/\/www.botiasgarcia.com\/abogados\/pages\/servicios\/empresa\/","title":{"rendered":"Empresa"},"content":{"rendered":"<div class=\"wpb-content-wrapper\"><p>[vc_row css=&#8221;.vc_custom_1714638339170{margin-top: 30px !important;}&#8221;][vc_column][vc_custom_heading text=&#8221;EMPRESA&#8221; font_container=&#8221;tag:h2|text_align:center&#8221; use_theme_fonts=&#8221;yes&#8221; css=&#8221;.vc_custom_1538925423371{margin-bottom: 25px !important;}&#8221;][vc_separator color=&#8221;black&#8221;][\/vc_column][\/vc_row][vc_row full_height=&#8221;yes&#8221; css=&#8221;.vc_custom_1540754769559{background-position: 0 0 !important;background-repeat: no-repeat !important;}&#8221;][vc_column css_animation=&#8221;none&#8221; width=&#8221;1\/2&#8243;][vc_column_text]<\/p>\n<h2><span style=\"font-size: 20px;\">ASESORAMIENTO MERCANTIL\/SOCIETARIO PYME<\/span><\/h2>\n<p>Nuestro car\u00e1cter multidisciplinar y la colaboraci\u00f3n con otros profesionales especializados en derecho fiscal nos permite <strong>ofrecer a la peque\u00f1a y mediana empresa los servicios de asesoramiento<\/strong> en la constituci\u00f3n de sociedades, redacci\u00f3n y supervisi\u00f3n de contratos mercantiles as\u00ed como la realizaci\u00f3n de Due Diligence laboral , y la gesti\u00f3n de n\u00f3minas.<\/p>\n<p>Para ello, disponemos de oficinas en Barcelona y Granollers con el objetivo de encontrar la soluci\u00f3n que necesitas.<\/p>\n<h3><span style=\"font-size: 20px;\">Alguno de los servicios de derecho mercantil y societario son:<\/span><\/h3>\n<ul style=\"list-style-type: circle;\">\n<li>Constituci\u00f3n de sociedades<\/li>\n<li>Redacci\u00f3n de <strong>Acuerdos entre socios<\/strong><\/li>\n<li>Asesoramiento en la<strong> compraventa de sociedades<\/strong><\/li>\n<li>Asesoramiento, revisi\u00f3n y redacci\u00f3n de <strong>contratos mercantiles<\/strong><\/li>\n<li><strong>Auditoria Laboral<\/strong><\/li>\n<li>Estudio y redacci\u00f3n de <strong>contratos de Alta Direcci\u00f3n<\/strong><\/li>\n<li>Gesti\u00f3n de n\u00f3minas<\/li>\n<\/ul>\n<p>[\/vc_column_text][\/vc_column][vc_column width=&#8221;1\/2&#8243;][vc_custom_heading text=&#8221;\u00a1CONTACTA CON NOSOTROS SIN COMPROMISO!&#8221; font_container=&#8221;tag:h3|text_align:left&#8221; use_theme_fonts=&#8221;yes&#8221; css=&#8221;.vc_custom_1548264043303{margin-bottom: 25px !important;}&#8221;][vc_column_text]\n<div class=\"wpcf7 no-js\" id=\"wpcf7-f586-o1\" lang=\"en-US\" dir=\"ltr\" data-wpcf7-id=\"586\">\n<div class=\"screen-reader-response\"><p role=\"status\" aria-live=\"polite\" aria-atomic=\"true\"><\/p> <ul><\/ul><\/div>\n<form action=\"\/abogados\/wp-json\/wp\/v2\/pages\/1143#wpcf7-f586-o1\" method=\"post\" class=\"wpcf7-form init\" aria-label=\"Contact form\" novalidate=\"novalidate\" data-status=\"init\">\n<fieldset class=\"hidden-fields-container\"><input type=\"hidden\" name=\"_wpcf7\" value=\"586\" \/><input type=\"hidden\" name=\"_wpcf7_version\" value=\"6.1.5\" \/><input type=\"hidden\" name=\"_wpcf7_locale\" value=\"en_US\" \/><input type=\"hidden\" name=\"_wpcf7_unit_tag\" value=\"wpcf7-f586-o1\" \/><input type=\"hidden\" name=\"_wpcf7_container_post\" value=\"0\" \/><input type=\"hidden\" name=\"_wpcf7_posted_data_hash\" value=\"\" \/><input type=\"hidden\" name=\"_wpcf7_recaptcha_response\" value=\"\" \/>\n<\/fieldset>\n<div class=\"contact-form row\">\n\t<div class=\"col-xs-12 col-sm-4\">\n\t\t<p><span class=\"wpcf7-form-control-wrap\" data-name=\"form-name\"><input size=\"40\" maxlength=\"400\" class=\"wpcf7-form-control wpcf7-text style1 gray\" aria-invalid=\"false\" placeholder=\"Nombre\" value=\"\" type=\"text\" name=\"form-name\" \/><\/span>\n\t\t<\/p>\n\t<\/div>\n\t<div class=\"col-xs-12 col-sm-4\">\n\t\t<p><span class=\"wpcf7-form-control-wrap\" data-name=\"form-mail\"><input size=\"40\" maxlength=\"400\" class=\"wpcf7-form-control wpcf7-text style1 gray\" aria-invalid=\"false\" placeholder=\"E-mail\" value=\"\" type=\"text\" name=\"form-mail\" \/><\/span>\n\t\t<\/p>\n\t<\/div>\n\t<div class=\"col-xs-12 col-sm-4\">\n\t\t<p><span class=\"wpcf7-form-control-wrap\" data-name=\"form-phone\"><input size=\"40\" maxlength=\"400\" class=\"wpcf7-form-control wpcf7-text style1 gray\" aria-invalid=\"false\" placeholder=\"Tel\u00e9fono\" value=\"\" type=\"text\" name=\"form-phone\" \/><\/span>\n\t\t<\/p>\n\t<\/div>\n\t<div class=\"col-xs-12\">\n\t\t<p><span class=\"wpcf7-form-control-wrap\" data-name=\"form-text\"><textarea cols=\"40\" rows=\"10\" maxlength=\"2000\" class=\"wpcf7-form-control wpcf7-textarea style1 gray\" aria-invalid=\"false\" placeholder=\"Tu Mensaje\" name=\"form-text\"><\/textarea><\/span>\n\t\t<\/p>\n\t<\/div>\n\t<div class=\"col-xs-12\">\n\t\t<p><span class=\"wpcf7-form-control-wrap\" data-name=\"acceptance-235\"><span class=\"wpcf7-form-control wpcf7-acceptance\"><span class=\"wpcf7-list-item\"><input type=\"checkbox\" name=\"acceptance-235\" value=\"1\" aria-invalid=\"false\" \/><\/span><\/span><\/span><a href=\"http:\/\/www.botiasgarcia.com\/abogados\/politicadeprivacidad\/\" target=\"_blank\" rel=\"noopener\">He leido y acepto la Pol\u00edtica de Privacidad<\/a><br \/>\n<span class=\"wpcf7-form-control-wrap\" data-name=\"radio-90\"><span class=\"wpcf7-form-control wpcf7-radio\"><span class=\"wpcf7-list-item first\"><input type=\"radio\" name=\"radio-90\" value=\"Si\" \/><span class=\"wpcf7-list-item-label\">Si<\/span><\/span><span class=\"wpcf7-list-item last\"><input type=\"radio\" name=\"radio-90\" value=\"No\" \/><span class=\"wpcf7-list-item-label\">No<\/span><\/span><\/span><\/span><br \/>\nAcepto el env\u00edo de comunicaciones comerciales<br \/>\n\t\t<\/p>\n\t\t<div class=\"g-recaptcha\" data-sitekey=\"6LcMY3MUAAAAACsCsf9G7u_KFT377zCHj6zL-SbR\">\n\t\t<\/div>\n\t\t<p><span class=\"wpcf7-form-control-wrap wpgdprc\"><span class=\"wpcf7-form-control wpcf7-wpgdprc wpcf7-validates-as-required\"><span class=\"wpcf7-list-item\"><input type=\"checkbox\" name=\"wpgdprc\" value=\"1\" aria-required=\"true\" aria-invalid=\"false\" \/><span class=\"wpcf7-list-item-label\">INFORMACI\u00d3N PROTECCI\u00d3N DE DATOS DE ANTONIO JOS\u00c9 BOT\u00cdAS GARC\u00cdA Finalidades: Responder a sus solicitudes y remitirle informaci\u00f3n comercial de nuestros productos y servicios, incluso por correo electr\u00f3nico. Legitimaci\u00f3n: Consentimiento del interesado. Destinatarios: No est\u00e1n previstas cesiones de datos. Derechos:  Puede retirar su consentimiento en cualquier momento, as\u00ed como acceder, rectificar, suprimir sus datos y dem\u00e1s derechos en info@botiasgarcia.com. Informaci\u00f3n Adicional: Puede ampliar la informaci\u00f3n en el enlace de Avisos Legales. Acepto recibir informaci\u00f3n comercial, incluso por correo electr\u00f3nico. He le\u00eddo y acepto la Pol\u00edtica de Privacidad.<\/span><\/span><\/span><\/span>\n\t\t<\/p>\n\t\t<p><input class=\"wpcf7-form-control wpcf7-submit has-spinner button-style2\" type=\"submit\" value=\"Enviar\" \/>\n\t\t<\/p>\n\t<\/div>\n<\/div><div class=\"wpcf7-response-output\" aria-hidden=\"true\"><\/div>\n<\/form>\n<\/div>\n[\/vc_column_text][\/vc_column][\/vc_row][vc_row][vc_column width=&#8221;1\/4&#8243;][vc_column_text]<\/p>\n<p style=\"text-align: center;\"><a href=\"http:\/\/www.botiasgarcia.com\/abogados\/pages\/servicios\/empresa\/\"><span style=\"font-size: 20px;\"><strong>EMPRESA<\/strong><\/span><\/a><\/p>\n<p>[\/vc_column_text][vc_column_text]<img loading=\"lazy\" decoding=\"async\" class=\"size-full wp-image-918 aligncenter\" src=\"http:\/\/www.botiasgarcia.com\/abogados\/wp-content\/uploads\/2018\/08\/animat-rocket.gif\" alt=\"\" width=\"512\" height=\"512\" \/>[\/vc_column_text][\/vc_column][vc_column width=&#8221;1\/4&#8243;][vc_column_text]<\/p>\n<p style=\"text-align: center;\"><a href=\"http:\/\/www.botiasgarcia.com\/abogados\/pages\/servicios\/trabajo\/\"><span style=\"font-size: 20px;\"><strong>TRABAJO<\/strong><\/span><\/a><\/p>\n<p>[\/vc_column_text][vc_column_text]<img loading=\"lazy\" decoding=\"async\" class=\"size-full wp-image-919 aligncenter\" src=\"http:\/\/www.botiasgarcia.com\/abogados\/wp-content\/uploads\/2018\/08\/animat-linechart.gif\" alt=\"\" width=\"512\" height=\"512\" \/>[\/vc_column_text][\/vc_column][vc_column width=&#8221;1\/4&#8243;][vc_column_text]<\/p>\n<p style=\"text-align: center;\"><a href=\"http:\/\/www.botiasgarcia.com\/abogados\/pages\/servicios\/vivienda\/\"><span style=\"font-size: 20px;\"><strong>CASA<\/strong><\/span><\/a><\/p>\n<p>[\/vc_column_text][vc_column_text]<img loading=\"lazy\" decoding=\"async\" class=\"size-full wp-image-928 aligncenter\" src=\"http:\/\/www.botiasgarcia.com\/abogados\/wp-content\/uploads\/2018\/08\/animat-sign-post.gif\" alt=\"\" width=\"512\" height=\"512\" \/>[\/vc_column_text][\/vc_column][vc_column width=&#8221;1\/4&#8243;][vc_column_text]<\/p>\n<p style=\"text-align: center;\"><a href=\"http:\/\/www.botiasgarcia.com\/abogados\/pages\/servicios\/familia\/\"><strong><span style=\"font-size: 20px;\">FAMILIA<\/span><\/strong><\/a><\/p>\n<p>[\/vc_column_text][vc_column_text]<img loading=\"lazy\" decoding=\"async\" class=\"size-full wp-image-929 aligncenter\" src=\"http:\/\/www.botiasgarcia.com\/abogados\/wp-content\/uploads\/2018\/08\/animat-road-trip.gif\" alt=\"\" width=\"512\" height=\"512\" \/>[\/vc_column_text][\/vc_column][\/vc_row]<\/p>\n<\/div>","protected":false},"excerpt":{"rendered":"<p>[vc_row css=&#8221;.vc_custom_1714638339170{margin-top: 30px !important;}&#8221;][vc_column][vc_custom_heading text=&#8221;EMPRESA&#8221; font_container=&#8221;tag:h2|text_align:center&#8221; use_theme_fonts=&#8221;yes&#8221; css=&#8221;.vc_custom_1538925423371{margin-bottom: 25px !important;}&#8221;][vc_separator color=&#8221;black&#8221;][\/vc_column][\/vc_row][vc_row full_height=&#8221;yes&#8221; css=&#8221;.vc_custom_1540754769559{background-position: 0 0 !important;background-repeat: no-repeat !important;}&#8221;][vc_column css_animation=&#8221;none&#8221; width=&#8221;1\/2&#8243;][vc_column_text] ASESORAMIENTO MERCANTIL\/SOCIETARIO PYME Nuestro car\u00e1cter multidisciplinar y la colaboraci\u00f3n con otros profesionales especializados en derecho fiscal nos permite ofrecer a la peque\u00f1a y mediana empresa los servicios de asesoramiento en la constituci\u00f3n de sociedades, redacci\u00f3n [&hellip;]<\/p>\n","protected":false},"author":1,"featured_media":0,"parent":392,"menu_order":0,"comment_status":"closed","ping_status":"closed","template":"template-landing.php","meta":{"_acf_changed":false,"footnotes":""},"class_list":["post-1143","page","type-page","status-publish","hentry"],"acf":[],"yoast_head":"<!-- This site is optimized with the Yoast SEO plugin v27.4 - https:\/\/yoast.com\/product\/yoast-seo-wordpress\/ -->\n<title>Empresa - BotiasGarcia Abogados<\/title>\n<meta name=\"robots\" content=\"index, follow, max-snippet:-1, max-image-preview:large, max-video-preview:-1\" \/>\n<link rel=\"canonical\" href=\"https:\/\/www.botiasgarcia.com\/abogados\/pages\/servicios\/empresa\/\" \/>\n<meta property=\"og:locale\" content=\"es_ES\" \/>\n<meta property=\"og:type\" content=\"article\" \/>\n<meta property=\"og:title\" content=\"Empresa - BotiasGarcia Abogados\" \/>\n<meta property=\"og:description\" content=\"[vc_row css=&#8221;.vc_custom_1714638339170{margin-top: 30px !important;}&#8221;][vc_column][vc_custom_heading text=&#8221;EMPRESA&#8221; font_container=&#8221;tag:h2|text_align:center&#8221; use_theme_fonts=&#8221;yes&#8221; css=&#8221;.vc_custom_1538925423371{margin-bottom: 25px !important;}&#8221;][vc_separator color=&#8221;black&#8221;][\/vc_column][\/vc_row][vc_row full_height=&#8221;yes&#8221; css=&#8221;.vc_custom_1540754769559{background-position: 0 0 !important;background-repeat: no-repeat !important;}&#8221;][vc_column css_animation=&#8221;none&#8221; width=&#8221;1\/2&#8243;][vc_column_text] ASESORAMIENTO MERCANTIL\/SOCIETARIO PYME Nuestro car\u00e1cter multidisciplinar y la colaboraci\u00f3n con otros profesionales especializados en derecho fiscal nos permite ofrecer a la peque\u00f1a y mediana empresa los servicios de asesoramiento en la constituci\u00f3n de sociedades, redacci\u00f3n [&hellip;]\" \/>\n<meta property=\"og:url\" content=\"https:\/\/www.botiasgarcia.com\/abogados\/pages\/servicios\/empresa\/\" \/>\n<meta property=\"og:site_name\" content=\"BotiasGarcia Abogados\" \/>\n<meta property=\"article:modified_time\" content=\"2024-05-02T18:21:48+00:00\" \/>\n<meta property=\"og:image\" content=\"http:\/\/www.botiasgarcia.com\/abogados\/wp-content\/uploads\/2018\/08\/animat-rocket.gif\" \/>\n<meta name=\"twitter:card\" content=\"summary_large_image\" \/>\n<meta name=\"twitter:label1\" content=\"Tiempo de lectura\" \/>\n\t<meta name=\"twitter:data1\" content=\"2 minutos\" \/>\n<script type=\"application\/ld+json\" class=\"yoast-schema-graph\">{\"@context\":\"https:\\\/\\\/schema.org\",\"@graph\":[{\"@type\":\"WebPage\",\"@id\":\"https:\\\/\\\/www.botiasgarcia.com\\\/abogados\\\/pages\\\/servicios\\\/empresa\\\/\",\"url\":\"https:\\\/\\\/www.botiasgarcia.com\\\/abogados\\\/pages\\\/servicios\\\/empresa\\\/\",\"name\":\"Empresa - BotiasGarcia Abogados\",\"isPartOf\":{\"@id\":\"https:\\\/\\\/www.botiasgarcia.com\\\/abogados\\\/#website\"},\"primaryImageOfPage\":{\"@id\":\"https:\\\/\\\/www.botiasgarcia.com\\\/abogados\\\/pages\\\/servicios\\\/empresa\\\/#primaryimage\"},\"image\":{\"@id\":\"https:\\\/\\\/www.botiasgarcia.com\\\/abogados\\\/pages\\\/servicios\\\/empresa\\\/#primaryimage\"},\"thumbnailUrl\":\"http:\\\/\\\/www.botiasgarcia.com\\\/abogados\\\/wp-content\\\/uploads\\\/2018\\\/08\\\/animat-rocket.gif\",\"datePublished\":\"2018-10-07T15:28:53+00:00\",\"dateModified\":\"2024-05-02T18:21:48+00:00\",\"breadcrumb\":{\"@id\":\"https:\\\/\\\/www.botiasgarcia.com\\\/abogados\\\/pages\\\/servicios\\\/empresa\\\/#breadcrumb\"},\"inLanguage\":\"es\",\"potentialAction\":[{\"@type\":\"ReadAction\",\"target\":[\"https:\\\/\\\/www.botiasgarcia.com\\\/abogados\\\/pages\\\/servicios\\\/empresa\\\/\"]}]},{\"@type\":\"ImageObject\",\"inLanguage\":\"es\",\"@id\":\"https:\\\/\\\/www.botiasgarcia.com\\\/abogados\\\/pages\\\/servicios\\\/empresa\\\/#primaryimage\",\"url\":\"https:\\\/\\\/www.botiasgarcia.com\\\/abogados\\\/wp-content\\\/uploads\\\/2018\\\/08\\\/animat-rocket.gif\",\"contentUrl\":\"https:\\\/\\\/www.botiasgarcia.com\\\/abogados\\\/wp-content\\\/uploads\\\/2018\\\/08\\\/animat-rocket.gif\",\"width\":512,\"height\":512},{\"@type\":\"BreadcrumbList\",\"@id\":\"https:\\\/\\\/www.botiasgarcia.com\\\/abogados\\\/pages\\\/servicios\\\/empresa\\\/#breadcrumb\",\"itemListElement\":[{\"@type\":\"ListItem\",\"position\":1,\"name\":\"Portada\",\"item\":\"https:\\\/\\\/www.botiasgarcia.com\\\/abogados\\\/\"},{\"@type\":\"ListItem\",\"position\":2,\"name\":\"Pages\",\"item\":\"https:\\\/\\\/www.botiasgarcia.com\\\/abogados\\\/pages\\\/\"},{\"@type\":\"ListItem\",\"position\":3,\"name\":\"servicios\",\"item\":\"https:\\\/\\\/www.botiasgarcia.com\\\/abogados\\\/pages\\\/servicios\\\/\"},{\"@type\":\"ListItem\",\"position\":4,\"name\":\"Empresa\"}]},{\"@type\":\"WebSite\",\"@id\":\"https:\\\/\\\/www.botiasgarcia.com\\\/abogados\\\/#website\",\"url\":\"https:\\\/\\\/www.botiasgarcia.com\\\/abogados\\\/\",\"name\":\"BotiasGarcia Abogados\",\"description\":\"\",\"potentialAction\":[{\"@type\":\"SearchAction\",\"target\":{\"@type\":\"EntryPoint\",\"urlTemplate\":\"https:\\\/\\\/www.botiasgarcia.com\\\/abogados\\\/?s={search_term_string}\"},\"query-input\":{\"@type\":\"PropertyValueSpecification\",\"valueRequired\":true,\"valueName\":\"search_term_string\"}}],\"inLanguage\":\"es\"}]}<\/script>\n<!-- \/ Yoast SEO plugin. -->","yoast_head_json":{"title":"Empresa - BotiasGarcia Abogados","robots":{"index":"index","follow":"follow","max-snippet":"max-snippet:-1","max-image-preview":"max-image-preview:large","max-video-preview":"max-video-preview:-1"},"canonical":"https:\/\/www.botiasgarcia.com\/abogados\/pages\/servicios\/empresa\/","og_locale":"es_ES","og_type":"article","og_title":"Empresa - BotiasGarcia Abogados","og_description":"[vc_row css=&#8221;.vc_custom_1714638339170{margin-top: 30px !important;}&#8221;][vc_column][vc_custom_heading text=&#8221;EMPRESA&#8221; font_container=&#8221;tag:h2|text_align:center&#8221; use_theme_fonts=&#8221;yes&#8221; css=&#8221;.vc_custom_1538925423371{margin-bottom: 25px !important;}&#8221;][vc_separator color=&#8221;black&#8221;][\/vc_column][\/vc_row][vc_row full_height=&#8221;yes&#8221; css=&#8221;.vc_custom_1540754769559{background-position: 0 0 !important;background-repeat: no-repeat !important;}&#8221;][vc_column css_animation=&#8221;none&#8221; width=&#8221;1\/2&#8243;][vc_column_text] ASESORAMIENTO MERCANTIL\/SOCIETARIO PYME Nuestro car\u00e1cter multidisciplinar y la colaboraci\u00f3n con otros profesionales especializados en derecho fiscal nos permite ofrecer a la peque\u00f1a y mediana empresa los servicios de asesoramiento en la constituci\u00f3n de sociedades, redacci\u00f3n [&hellip;]","og_url":"https:\/\/www.botiasgarcia.com\/abogados\/pages\/servicios\/empresa\/","og_site_name":"BotiasGarcia Abogados","article_modified_time":"2024-05-02T18:21:48+00:00","og_image":[{"url":"http:\/\/www.botiasgarcia.com\/abogados\/wp-content\/uploads\/2018\/08\/animat-rocket.gif","type":"","width":"","height":""}],"twitter_card":"summary_large_image","twitter_misc":{"Tiempo de lectura":"2 minutos"},"schema":{"@context":"https:\/\/schema.org","@graph":[{"@type":"WebPage","@id":"https:\/\/www.botiasgarcia.com\/abogados\/pages\/servicios\/empresa\/","url":"https:\/\/www.botiasgarcia.com\/abogados\/pages\/servicios\/empresa\/","name":"Empresa - BotiasGarcia Abogados","isPartOf":{"@id":"https:\/\/www.botiasgarcia.com\/abogados\/#website"},"primaryImageOfPage":{"@id":"https:\/\/www.botiasgarcia.com\/abogados\/pages\/servicios\/empresa\/#primaryimage"},"image":{"@id":"https:\/\/www.botiasgarcia.com\/abogados\/pages\/servicios\/empresa\/#primaryimage"},"thumbnailUrl":"http:\/\/www.botiasgarcia.com\/abogados\/wp-content\/uploads\/2018\/08\/animat-rocket.gif","datePublished":"2018-10-07T15:28:53+00:00","dateModified":"2024-05-02T18:21:48+00:00","breadcrumb":{"@id":"https:\/\/www.botiasgarcia.com\/abogados\/pages\/servicios\/empresa\/#breadcrumb"},"inLanguage":"es","potentialAction":[{"@type":"ReadAction","target":["https:\/\/www.botiasgarcia.com\/abogados\/pages\/servicios\/empresa\/"]}]},{"@type":"ImageObject","inLanguage":"es","@id":"https:\/\/www.botiasgarcia.com\/abogados\/pages\/servicios\/empresa\/#primaryimage","url":"https:\/\/www.botiasgarcia.com\/abogados\/wp-content\/uploads\/2018\/08\/animat-rocket.gif","contentUrl":"https:\/\/www.botiasgarcia.com\/abogados\/wp-content\/uploads\/2018\/08\/animat-rocket.gif","width":512,"height":512},{"@type":"BreadcrumbList","@id":"https:\/\/www.botiasgarcia.com\/abogados\/pages\/servicios\/empresa\/#breadcrumb","itemListElement":[{"@type":"ListItem","position":1,"name":"Portada","item":"https:\/\/www.botiasgarcia.com\/abogados\/"},{"@type":"ListItem","position":2,"name":"Pages","item":"https:\/\/www.botiasgarcia.com\/abogados\/pages\/"},{"@type":"ListItem","position":3,"name":"servicios","item":"https:\/\/www.botiasgarcia.com\/abogados\/pages\/servicios\/"},{"@type":"ListItem","position":4,"name":"Empresa"}]},{"@type":"WebSite","@id":"https:\/\/www.botiasgarcia.com\/abogados\/#website","url":"https:\/\/www.botiasgarcia.com\/abogados\/","name":"BotiasGarcia Abogados","description":"","potentialAction":[{"@type":"SearchAction","target":{"@type":"EntryPoint","urlTemplate":"https:\/\/www.botiasgarcia.com\/abogados\/?s={search_term_string}"},"query-input":{"@type":"PropertyValueSpecification","valueRequired":true,"valueName":"search_term_string"}}],"inLanguage":"es"}]}},"_links":{"self":[{"href":"https:\/\/www.botiasgarcia.com\/abogados\/wp-json\/wp\/v2\/pages\/1143","targetHints":{"allow":["GET"]}}],"collection":[{"href":"https:\/\/www.botiasgarcia.com\/abogados\/wp-json\/wp\/v2\/pages"}],"about":[{"href":"https:\/\/www.botiasgarcia.com\/abogados\/wp-json\/wp\/v2\/types\/page"}],"author":[{"embeddable":true,"href":"https:\/\/www.botiasgarcia.com\/abogados\/wp-json\/wp\/v2\/users\/1"}],"replies":[{"embeddable":true,"href":"https:\/\/www.botiasgarcia.com\/abogados\/wp-json\/wp\/v2\/comments?post=1143"}],"version-history":[{"count":14,"href":"https:\/\/www.botiasgarcia.com\/abogados\/wp-json\/wp\/v2\/pages\/1143\/revisions"}],"predecessor-version":[{"id":1806,"href":"https:\/\/www.botiasgarcia.com\/abogados\/wp-json\/wp\/v2\/pages\/1143\/revisions\/1806"}],"up":[{"embeddable":true,"href":"https:\/\/www.botiasgarcia.com\/abogados\/wp-json\/wp\/v2\/pages\/392"}],"wp:attachment":[{"href":"https:\/\/www.botiasgarcia.com\/abogados\/wp-json\/wp\/v2\/media?parent=1143"}],"curies":[{"name":"wp","href":"https:\/\/api.w.org\/{rel}","templated":true}]}}